{"id":25508,"date":"2021-09-08T08:43:55","date_gmt":"2021-09-08T13:43:55","guid":{"rendered":"https:\/\/laguanteria.com\/?post_type=product&#038;p=25508"},"modified":"2024-05-16T17:20:46","modified_gmt":"2024-05-16T22:20:46","slug":"abrigo-impermeable-en-pvc","status":"publish","type":"product","link":"https:\/\/laguanteria.com\/es_es\/producto\/abrigo-impermeable-en-pvc\/","title":{"rendered":"Abrigo Impermeable en PVC"},"content":{"rendered":"<p>Presentamos el Abrigo Impermeable en PVC de La Guanter\u00eda, dise\u00f1ado para brindar protecci\u00f3n inigualable en condiciones de trabajo adversas. Confeccionado con PVC resistente al agua y al viento, este abrigo garantiza la sequedad y la comodidad incluso bajo fuertes lluvias o nevadas. Su dise\u00f1o robusto incluye costuras selladas y una capucha ajustable para una protecci\u00f3n \u00f3ptima. El abrigo Impermeable en PVC es una prenda esencial para trabajadores en la construcci\u00f3n, servicios p\u00fablicos y otras industrias que requieren equipos de protecci\u00f3n duraderos y fiables.<\/p>\n","protected":false},"excerpt":{"rendered":"<p>Presentamos el Abrigo Impermeable en PVC de La Guanter\u00eda, dise\u00f1ado para brindar protecci\u00f3n inigualable en condiciones de trabajo adversas. Confeccionado [&hellip;]<\/p>\n","protected":false},"featured_media":25509,"template":"","meta":{"site-sidebar-layout":"default","site-content-layout":"","ast-site-content-layout":"default","site-content-style":"default","site-sidebar-style":"default","ast-global-header-display":"","ast-banner-title-visibility":"","ast-main-header-display":"","ast-hfb-above-header-display":"","ast-hfb-below-header-display":"","ast-hfb-mobile-header-display":"","site-post-title":"","ast-breadcrumbs-content":"","ast-featured-img":"","footer-sml-layout":"","theme-transparent-header-meta":"default","adv-header-id-meta":"","stick-header-meta":"","header-above-stick-meta":"","header-main-stick-meta":"","header-below-stick-meta":"","astra-migrate-meta-layouts":"set","ast-page-background-enabled":"default","ast-page-background-meta":{"desktop":{"background-color":"var(--ast-global-color-4)","background-image":"","background-repeat":"repeat","background-position":"center center","background-size":"auto","background-attachment":"scroll","background-type":"","background-media":"","overlay-type":"","overlay-color":"","overlay-gradient":""},"tablet":{"background-color":"","background-image":"","background-repeat":"repeat","background-position":"center center","background-size":"auto","background-attachment":"scroll","background-type":"","background-media":"","overlay-type":"","overlay-color":"","overlay-gradient":""},"mobile":{"background-color":"","background-image":"","background-repeat":"repeat","background-position":"center center","background-size":"auto","background-attachment":"scroll","background-type":"","background-media":"","overlay-type":"","overlay-color":"","overlay-gradient":""}},"ast-content-background-meta":{"desktop":{"background-color":"var(--ast-global-color-5)","background-image":"","background-repeat":"repeat","background-position":"center center","background-size":"auto","background-attachment":"scroll","background-type":"","background-media":"","overlay-type":"","overlay-color":"","overlay-gradient":""},"tablet":{"background-color":"var(--ast-global-color-5)","background-image":"","background-repeat":"repeat","background-position":"center center","background-size":"auto","background-attachment":"scroll","background-type":"","background-media":"","overlay-type":"","overlay-color":"","overlay-gradient":""},"mobile":{"background-color":"var(--ast-global-color-5)","background-image":"","background-repeat":"repeat","background-position":"center center","background-size":"auto","background-attachment":"scroll","background-type":"","background-media":"","overlay-type":"","overlay-color":"","overlay-gradient":""}},"_joinchat":[]},"product_brand":[],"product_cat":[152,130],"product_tag":[],"class_list":{"0":"post-25508","1":"product","2":"type-product","3":"status-publish","4":"has-post-thumbnail","6":"product_cat-trajes","7":"product_cat-vestuario","8":"desktop-align-left","9":"tablet-align-left","10":"mobile-align-left","12":"first","13":"instock","14":"taxable","15":"shipping-taxable","16":"purchasable","17":"product-type-simple"},"yoast_head":"<!-- This site is optimized with the Yoast SEO Premium plugin v20.4 (Yoast SEO v27.4) - https:\/\/yoast.com\/product\/yoast-seo-premium-wordpress\/ -->\n<title>Abrigo Impermeable en PVC - La Guanteria<\/title>\n<meta name=\"robots\" content=\"index, follow, max-snippet:-1, max-image-preview:large, max-video-preview:-1\" \/>\n<link rel=\"canonical\" href=\"http:\/\/laguanteria.com\/es_es\/product\/abrigo-impermeable-en-pvc\/\" \/>\n<meta property=\"og:locale\" content=\"es_ES\" \/>\n<meta property=\"og:type\" content=\"article\" \/>\n<meta property=\"og:title\" content=\"Abrigo Impermeable en PVC\" \/>\n<meta property=\"og:description\" content=\"Presentamos el Abrigo Impermeable en PVC de La Guanter\u00eda, dise\u00f1ado para brindar protecci\u00f3n inigualable en condiciones de trabajo adversas. Confeccionado [&hellip;]\" \/>\n<meta property=\"og:url\" content=\"http:\/\/laguanteria.com\/es_es\/product\/abrigo-impermeable-en-pvc\/\" \/>\n<meta property=\"og:site_name\" content=\"La Guanteria\" \/>\n<meta property=\"article:publisher\" content=\"https:\/\/www.facebook.com\/laguanteria\" \/>\n<meta property=\"article:modified_time\" content=\"2024-05-16T22:20:46+00:00\" \/>\n<meta property=\"og:image\" content=\"http:\/\/laguanteria.com\/wp-content\/uploads\/2021\/09\/406289b.jpg\" \/>\n\t<meta property=\"og:image:width\" content=\"640\" \/>\n\t<meta property=\"og:image:height\" content=\"640\" \/>\n\t<meta property=\"og:image:type\" content=\"image\/jpeg\" \/>\n<meta name=\"twitter:card\" content=\"summary_large_image\" \/>\n<meta name=\"twitter:label1\" content=\"Tiempo de lectura\" \/>\n\t<meta name=\"twitter:data1\" content=\"1 minuto\" \/>\n<script type=\"application\/ld+json\" class=\"yoast-schema-graph\">{\"@context\":\"https:\\\/\\\/schema.org\",\"@graph\":[{\"@type\":\"WebPage\",\"@id\":\"http:\\\/\\\/laguanteria.com\\\/en_us\\\/product\\\/abrigo-impermeable-en-pvc\\\/\",\"url\":\"http:\\\/\\\/laguanteria.com\\\/en_us\\\/product\\\/abrigo-impermeable-en-pvc\\\/\",\"name\":\"Abrigo Impermeable en PVC - La Guanteria\",\"isPartOf\":{\"@id\":\"https:\\\/\\\/laguanteria.com\\\/es_es\\\/#website\"},\"primaryImageOfPage\":{\"@id\":\"http:\\\/\\\/laguanteria.com\\\/en_us\\\/product\\\/abrigo-impermeable-en-pvc\\\/#primaryimage\"},\"image\":{\"@id\":\"http:\\\/\\\/laguanteria.com\\\/en_us\\\/product\\\/abrigo-impermeable-en-pvc\\\/#primaryimage\"},\"thumbnailUrl\":\"https:\\\/\\\/laguanteria.com\\\/wp-content\\\/uploads\\\/2021\\\/09\\\/406289b.jpg\",\"datePublished\":\"2021-09-08T13:43:55+00:00\",\"dateModified\":\"2024-05-16T22:20:46+00:00\",\"breadcrumb\":{\"@id\":\"http:\\\/\\\/laguanteria.com\\\/en_us\\\/product\\\/abrigo-impermeable-en-pvc\\\/#breadcrumb\"},\"inLanguage\":\"es\",\"potentialAction\":[{\"@type\":\"ReadAction\",\"target\":[\"http:\\\/\\\/laguanteria.com\\\/en_us\\\/product\\\/abrigo-impermeable-en-pvc\\\/\"]}]},{\"@type\":\"ImageObject\",\"inLanguage\":\"es\",\"@id\":\"http:\\\/\\\/laguanteria.com\\\/en_us\\\/product\\\/abrigo-impermeable-en-pvc\\\/#primaryimage\",\"url\":\"https:\\\/\\\/laguanteria.com\\\/wp-content\\\/uploads\\\/2021\\\/09\\\/406289b.jpg\",\"contentUrl\":\"https:\\\/\\\/laguanteria.com\\\/wp-content\\\/uploads\\\/2021\\\/09\\\/406289b.jpg\",\"width\":640,\"height\":640},{\"@type\":\"BreadcrumbList\",\"@id\":\"http:\\\/\\\/laguanteria.com\\\/en_us\\\/product\\\/abrigo-impermeable-en-pvc\\\/#breadcrumb\",\"itemListElement\":[{\"@type\":\"ListItem\",\"position\":1,\"name\":\"Portada\",\"item\":\"https:\\\/\\\/laguanteria.com\\\/es_es\\\/\"},{\"@type\":\"ListItem\",\"position\":2,\"name\":\"Almac\u00e9n\",\"item\":\"https:\\\/\\\/laguanteria.com\\\/en_us\\\/almacen\\\/\"},{\"@type\":\"ListItem\",\"position\":3,\"name\":\"Abrigo Impermeable en PVC\"}]},{\"@type\":\"WebSite\",\"@id\":\"https:\\\/\\\/laguanteria.com\\\/es_es\\\/#website\",\"url\":\"https:\\\/\\\/laguanteria.com\\\/es_es\\\/\",\"name\":\"La Guanteria\",\"description\":\"Protecci\u00f3n en tus manos\",\"publisher\":{\"@id\":\"https:\\\/\\\/laguanteria.com\\\/es_es\\\/#organization\"},\"potentialAction\":[{\"@type\":\"SearchAction\",\"target\":{\"@type\":\"EntryPoint\",\"urlTemplate\":\"https:\\\/\\\/laguanteria.com\\\/es_es\\\/?s={search_term_string}\"},\"query-input\":{\"@type\":\"PropertyValueSpecification\",\"valueRequired\":true,\"valueName\":\"search_term_string\"}}],\"inLanguage\":\"es\"},{\"@type\":\"Organization\",\"@id\":\"https:\\\/\\\/laguanteria.com\\\/es_es\\\/#organization\",\"name\":\"La Guanteria\",\"url\":\"https:\\\/\\\/laguanteria.com\\\/es_es\\\/\",\"logo\":{\"@type\":\"ImageObject\",\"inLanguage\":\"es\",\"@id\":\"https:\\\/\\\/laguanteria.com\\\/es_es\\\/#\\\/schema\\\/logo\\\/image\\\/\",\"url\":\"http:\\\/\\\/laguanteria.com\\\/wp-content\\\/uploads\\\/2024\\\/03\\\/icon-faded.png\",\"contentUrl\":\"http:\\\/\\\/laguanteria.com\\\/wp-content\\\/uploads\\\/2024\\\/03\\\/icon-faded.png\",\"width\":512,\"height\":512,\"caption\":\"La Guanteria\"},\"image\":{\"@id\":\"https:\\\/\\\/laguanteria.com\\\/es_es\\\/#\\\/schema\\\/logo\\\/image\\\/\"},\"sameAs\":[\"https:\\\/\\\/www.facebook.com\\\/laguanteria\",\"https:\\\/\\\/www.instagram.com\\\/laguanteria\"]}]}<\/script>\n<!-- \/ Yoast SEO Premium plugin. -->","yoast_head_json":{"title":"Abrigo Impermeable en PVC - La Guanteria","robots":{"index":"index","follow":"follow","max-snippet":"max-snippet:-1","max-image-preview":"max-image-preview:large","max-video-preview":"max-video-preview:-1"},"canonical":"http:\/\/laguanteria.com\/es_es\/product\/abrigo-impermeable-en-pvc\/","og_locale":"es_ES","og_type":"article","og_title":"Abrigo Impermeable en PVC","og_description":"Presentamos el Abrigo Impermeable en PVC de La Guanter\u00eda, dise\u00f1ado para brindar protecci\u00f3n inigualable en condiciones de trabajo adversas. Confeccionado [&hellip;]","og_url":"http:\/\/laguanteria.com\/es_es\/product\/abrigo-impermeable-en-pvc\/","og_site_name":"La Guanteria","article_publisher":"https:\/\/www.facebook.com\/laguanteria","article_modified_time":"2024-05-16T22:20:46+00:00","og_image":[{"width":640,"height":640,"url":"http:\/\/laguanteria.com\/wp-content\/uploads\/2021\/09\/406289b.jpg","type":"image\/jpeg"}],"twitter_card":"summary_large_image","twitter_misc":{"Tiempo de lectura":"1 minuto"},"schema":{"@context":"https:\/\/schema.org","@graph":[{"@type":"WebPage","@id":"http:\/\/laguanteria.com\/en_us\/product\/abrigo-impermeable-en-pvc\/","url":"http:\/\/laguanteria.com\/en_us\/product\/abrigo-impermeable-en-pvc\/","name":"Abrigo Impermeable en PVC - La Guanteria","isPartOf":{"@id":"https:\/\/laguanteria.com\/es_es\/#website"},"primaryImageOfPage":{"@id":"http:\/\/laguanteria.com\/en_us\/product\/abrigo-impermeable-en-pvc\/#primaryimage"},"image":{"@id":"http:\/\/laguanteria.com\/en_us\/product\/abrigo-impermeable-en-pvc\/#primaryimage"},"thumbnailUrl":"https:\/\/laguanteria.com\/wp-content\/uploads\/2021\/09\/406289b.jpg","datePublished":"2021-09-08T13:43:55+00:00","dateModified":"2024-05-16T22:20:46+00:00","breadcrumb":{"@id":"http:\/\/laguanteria.com\/en_us\/product\/abrigo-impermeable-en-pvc\/#breadcrumb"},"inLanguage":"es","potentialAction":[{"@type":"ReadAction","target":["http:\/\/laguanteria.com\/en_us\/product\/abrigo-impermeable-en-pvc\/"]}]},{"@type":"ImageObject","inLanguage":"es","@id":"http:\/\/laguanteria.com\/en_us\/product\/abrigo-impermeable-en-pvc\/#primaryimage","url":"https:\/\/laguanteria.com\/wp-content\/uploads\/2021\/09\/406289b.jpg","contentUrl":"https:\/\/laguanteria.com\/wp-content\/uploads\/2021\/09\/406289b.jpg","width":640,"height":640},{"@type":"BreadcrumbList","@id":"http:\/\/laguanteria.com\/en_us\/product\/abrigo-impermeable-en-pvc\/#breadcrumb","itemListElement":[{"@type":"ListItem","position":1,"name":"Portada","item":"https:\/\/laguanteria.com\/es_es\/"},{"@type":"ListItem","position":2,"name":"Almac\u00e9n","item":"https:\/\/laguanteria.com\/en_us\/almacen\/"},{"@type":"ListItem","position":3,"name":"Abrigo Impermeable en PVC"}]},{"@type":"WebSite","@id":"https:\/\/laguanteria.com\/es_es\/#website","url":"https:\/\/laguanteria.com\/es_es\/","name":"La Guanteria","description":"Protecci\u00f3n en tus manos","publisher":{"@id":"https:\/\/laguanteria.com\/es_es\/#organization"},"potentialAction":[{"@type":"SearchAction","target":{"@type":"EntryPoint","urlTemplate":"https:\/\/laguanteria.com\/es_es\/?s={search_term_string}"},"query-input":{"@type":"PropertyValueSpecification","valueRequired":true,"valueName":"search_term_string"}}],"inLanguage":"es"},{"@type":"Organization","@id":"https:\/\/laguanteria.com\/es_es\/#organization","name":"La Guanteria","url":"https:\/\/laguanteria.com\/es_es\/","logo":{"@type":"ImageObject","inLanguage":"es","@id":"https:\/\/laguanteria.com\/es_es\/#\/schema\/logo\/image\/","url":"http:\/\/laguanteria.com\/wp-content\/uploads\/2024\/03\/icon-faded.png","contentUrl":"http:\/\/laguanteria.com\/wp-content\/uploads\/2024\/03\/icon-faded.png","width":512,"height":512,"caption":"La Guanteria"},"image":{"@id":"https:\/\/laguanteria.com\/es_es\/#\/schema\/logo\/image\/"},"sameAs":["https:\/\/www.facebook.com\/laguanteria","https:\/\/www.instagram.com\/laguanteria"]}]}},"_links":{"self":[{"href":"https:\/\/laguanteria.com\/es_es\/wp-json\/wp\/v2\/product\/25508","targetHints":{"allow":["GET"]}}],"collection":[{"href":"https:\/\/laguanteria.com\/es_es\/wp-json\/wp\/v2\/product"}],"about":[{"href":"https:\/\/laguanteria.com\/es_es\/wp-json\/wp\/v2\/types\/product"}],"wp:featuredmedia":[{"embeddable":true,"href":"https:\/\/laguanteria.com\/es_es\/wp-json\/wp\/v2\/media\/25509"}],"wp:attachment":[{"href":"https:\/\/laguanteria.com\/es_es\/wp-json\/wp\/v2\/media?parent=25508"}],"wp:term":[{"taxonomy":"product_brand","embeddable":true,"href":"https:\/\/laguanteria.com\/es_es\/wp-json\/wp\/v2\/product_brand?post=25508"},{"taxonomy":"product_cat","embeddable":true,"href":"https:\/\/laguanteria.com\/es_es\/wp-json\/wp\/v2\/product_cat?post=25508"},{"taxonomy":"product_tag","embeddable":true,"href":"https:\/\/laguanteria.com\/es_es\/wp-json\/wp\/v2\/product_tag?post=25508"}],"curies":[{"name":"wp","href":"https:\/\/api.w.org\/{rel}","templated":true}]}}