{"id":1925,"date":"2019-01-12T22:31:06","date_gmt":"2019-01-13T03:31:06","guid":{"rendered":"https:\/\/web.laguanteria.com\/?post_type=product&#038;p=1925"},"modified":"2024-04-26T11:32:40","modified_gmt":"2024-04-26T16:32:40","slug":"gorro-capucha-guadanador-dril-verde","status":"publish","type":"product","link":"https:\/\/laguanteria.com\/es_es\/producto\/gorro-capucha-guadanador-dril-verde\/","title":{"rendered":"Gorro Capucha Guada\u00f1ador Dril Verde"},"content":{"rendered":"<p>\u00a1Presentamos el Gorro Capucha Guada\u00f1ador Dril Verde de La Guanter\u00eda! Perfecto para entornos de trabajo dif\u00edciles, este gorro est\u00e1 fabricado con resistente dril verde para una protecci\u00f3n fiable contra los elementos. Su dise\u00f1o de capucha completa ofrece una cobertura excepcional que protege la cabeza, el cuello y las orejas. El ajuste c\u00f3modo y la visera preformada brindan comodidad y practicidad durante todo el d\u00eda en los sitios de construcci\u00f3n o \u00e1reas de trabajo similares.<\/p>\n","protected":false},"excerpt":{"rendered":"<p>\u00a1Presentamos el Gorro Capucha Guada\u00f1ador Dril Verde de La Guanter\u00eda! Perfecto para entornos de trabajo dif\u00edciles, este gorro est\u00e1 fabricado [&hellip;]<\/p>\n","protected":false},"featured_media":25305,"template":"","meta":{"site-sidebar-layout":"default","site-content-layout":"","ast-site-content-layout":"default","site-content-style":"default","site-sidebar-style":"default","ast-global-header-display":"","ast-banner-title-visibility":"","ast-main-header-display":"","ast-hfb-above-header-display":"","ast-hfb-below-header-display":"","ast-hfb-mobile-header-display":"","site-post-title":"","ast-breadcrumbs-content":"","ast-featured-img":"","footer-sml-layout":"","theme-transparent-header-meta":"default","adv-header-id-meta":"","stick-header-meta":"","header-above-stick-meta":"","header-main-stick-meta":"","header-below-stick-meta":"","astra-migrate-meta-layouts":"set","ast-page-background-enabled":"default","ast-page-background-meta":{"desktop":{"background-color":"var(--ast-global-color-4)","background-image":"","background-repeat":"repeat","background-position":"center center","background-size":"auto","background-attachment":"scroll","background-type":"","background-media":"","overlay-type":"","overlay-color":"","overlay-gradient":""},"tablet":{"background-color":"","background-image":"","background-repeat":"repeat","background-position":"center center","background-size":"auto","background-attachment":"scroll","background-type":"","background-media":"","overlay-type":"","overlay-color":"","overlay-gradient":""},"mobile":{"background-color":"","background-image":"","background-repeat":"repeat","background-position":"center center","background-size":"auto","background-attachment":"scroll","background-type":"","background-media":"","overlay-type":"","overlay-color":"","overlay-gradient":""}},"ast-content-background-meta":{"desktop":{"background-color":"var(--ast-global-color-5)","background-image":"","background-repeat":"repeat","background-position":"center center","background-size":"auto","background-attachment":"scroll","background-type":"","background-media":"","overlay-type":"","overlay-color":"","overlay-gradient":""},"tablet":{"background-color":"var(--ast-global-color-5)","background-image":"","background-repeat":"repeat","background-position":"center center","background-size":"auto","background-attachment":"scroll","background-type":"","background-media":"","overlay-type":"","overlay-color":"","overlay-gradient":""},"mobile":{"background-color":"var(--ast-global-color-5)","background-image":"","background-repeat":"repeat","background-position":"center center","background-size":"auto","background-attachment":"scroll","background-type":"","background-media":"","overlay-type":"","overlay-color":"","overlay-gradient":""}},"_joinchat":[]},"product_brand":[],"product_cat":[132,130],"product_tag":[],"class_list":{"0":"post-1925","1":"product","2":"type-product","3":"status-publish","4":"has-post-thumbnail","6":"product_cat-capuchas","7":"product_cat-vestuario","8":"desktop-align-left","9":"tablet-align-left","10":"mobile-align-left","12":"first","13":"instock","14":"taxable","15":"shipping-taxable","16":"purchasable","17":"product-type-simple"},"yoast_head":"<!-- This site is optimized with the Yoast SEO Premium plugin v20.4 (Yoast SEO v27.4) - https:\/\/yoast.com\/product\/yoast-seo-premium-wordpress\/ -->\n<title>Gorro Capucha Guada\u00f1ador Dril Verde - La Guanteria<\/title>\n<meta name=\"robots\" content=\"index, follow, max-snippet:-1, max-image-preview:large, max-video-preview:-1\" \/>\n<link rel=\"canonical\" href=\"https:\/\/laguanteria.com\/es_es\/producto\/gorro-capucha-guadanador-dril-verde\/\" \/>\n<meta property=\"og:locale\" content=\"es_ES\" \/>\n<meta property=\"og:type\" content=\"article\" \/>\n<meta property=\"og:title\" content=\"Gorro Capucha Guada\u00f1ador Dril Verde\" \/>\n<meta property=\"og:description\" content=\"\u00a1Presentamos el Gorro Capucha Guada\u00f1ador Dril Verde de La Guanter\u00eda! Perfecto para entornos de trabajo dif\u00edciles, este gorro est\u00e1 fabricado [&hellip;]\" \/>\n<meta property=\"og:url\" content=\"https:\/\/laguanteria.com\/es_es\/producto\/gorro-capucha-guadanador-dril-verde\/\" \/>\n<meta property=\"og:site_name\" content=\"La Guanteria\" \/>\n<meta property=\"article:publisher\" content=\"https:\/\/www.facebook.com\/laguanteria\" \/>\n<meta property=\"article:modified_time\" content=\"2024-04-26T16:32:40+00:00\" \/>\n<meta property=\"og:image\" content=\"https:\/\/laguanteria.com\/wp-content\/uploads\/2019\/01\/805286-1.jpg\" \/>\n\t<meta property=\"og:image:width\" content=\"1350\" \/>\n\t<meta property=\"og:image:height\" content=\"1350\" \/>\n\t<meta property=\"og:image:type\" content=\"image\/jpeg\" \/>\n<meta name=\"twitter:card\" content=\"summary_large_image\" \/>\n<meta name=\"twitter:label1\" content=\"Tiempo de lectura\" \/>\n\t<meta name=\"twitter:data1\" content=\"1 minuto\" \/>\n<script type=\"application\/ld+json\" class=\"yoast-schema-graph\">{\"@context\":\"https:\\\/\\\/schema.org\",\"@graph\":[{\"@type\":\"WebPage\",\"@id\":\"https:\\\/\\\/laguanteria.com\\\/es_es\\\/producto\\\/gorro-capucha-guadanador-dril-verde\\\/\",\"url\":\"https:\\\/\\\/laguanteria.com\\\/es_es\\\/producto\\\/gorro-capucha-guadanador-dril-verde\\\/\",\"name\":\"Gorro Capucha Guada\u00f1ador Dril Verde - La Guanteria\",\"isPartOf\":{\"@id\":\"https:\\\/\\\/laguanteria.com\\\/es_es\\\/#website\"},\"primaryImageOfPage\":{\"@id\":\"https:\\\/\\\/laguanteria.com\\\/es_es\\\/producto\\\/gorro-capucha-guadanador-dril-verde\\\/#primaryimage\"},\"image\":{\"@id\":\"https:\\\/\\\/laguanteria.com\\\/es_es\\\/producto\\\/gorro-capucha-guadanador-dril-verde\\\/#primaryimage\"},\"thumbnailUrl\":\"https:\\\/\\\/laguanteria.com\\\/wp-content\\\/uploads\\\/2019\\\/01\\\/805286-1.jpg\",\"datePublished\":\"2019-01-13T03:31:06+00:00\",\"dateModified\":\"2024-04-26T16:32:40+00:00\",\"breadcrumb\":{\"@id\":\"https:\\\/\\\/laguanteria.com\\\/es_es\\\/producto\\\/gorro-capucha-guadanador-dril-verde\\\/#breadcrumb\"},\"inLanguage\":\"es\",\"potentialAction\":[{\"@type\":\"ReadAction\",\"target\":[\"https:\\\/\\\/laguanteria.com\\\/es_es\\\/producto\\\/gorro-capucha-guadanador-dril-verde\\\/\"]}]},{\"@type\":\"ImageObject\",\"inLanguage\":\"es\",\"@id\":\"https:\\\/\\\/laguanteria.com\\\/es_es\\\/producto\\\/gorro-capucha-guadanador-dril-verde\\\/#primaryimage\",\"url\":\"https:\\\/\\\/laguanteria.com\\\/wp-content\\\/uploads\\\/2019\\\/01\\\/805286-1.jpg\",\"contentUrl\":\"https:\\\/\\\/laguanteria.com\\\/wp-content\\\/uploads\\\/2019\\\/01\\\/805286-1.jpg\",\"width\":1350,\"height\":1350},{\"@type\":\"BreadcrumbList\",\"@id\":\"https:\\\/\\\/laguanteria.com\\\/es_es\\\/producto\\\/gorro-capucha-guadanador-dril-verde\\\/#breadcrumb\",\"itemListElement\":[{\"@type\":\"ListItem\",\"position\":1,\"name\":\"Portada\",\"item\":\"https:\\\/\\\/laguanteria.com\\\/es_es\\\/\"},{\"@type\":\"ListItem\",\"position\":2,\"name\":\"Almac\u00e9n\",\"item\":\"https:\\\/\\\/laguanteria.com\\\/en_us\\\/almacen\\\/\"},{\"@type\":\"ListItem\",\"position\":3,\"name\":\"Gorro Capucha Guada\u00f1ador Dril Verde\"}]},{\"@type\":\"WebSite\",\"@id\":\"https:\\\/\\\/laguanteria.com\\\/es_es\\\/#website\",\"url\":\"https:\\\/\\\/laguanteria.com\\\/es_es\\\/\",\"name\":\"La Guanteria\",\"description\":\"Protecci\u00f3n en tus manos\",\"publisher\":{\"@id\":\"https:\\\/\\\/laguanteria.com\\\/es_es\\\/#organization\"},\"potentialAction\":[{\"@type\":\"SearchAction\",\"target\":{\"@type\":\"EntryPoint\",\"urlTemplate\":\"https:\\\/\\\/laguanteria.com\\\/es_es\\\/?s={search_term_string}\"},\"query-input\":{\"@type\":\"PropertyValueSpecification\",\"valueRequired\":true,\"valueName\":\"search_term_string\"}}],\"inLanguage\":\"es\"},{\"@type\":\"Organization\",\"@id\":\"https:\\\/\\\/laguanteria.com\\\/es_es\\\/#organization\",\"name\":\"La Guanteria\",\"url\":\"https:\\\/\\\/laguanteria.com\\\/es_es\\\/\",\"logo\":{\"@type\":\"ImageObject\",\"inLanguage\":\"es\",\"@id\":\"https:\\\/\\\/laguanteria.com\\\/es_es\\\/#\\\/schema\\\/logo\\\/image\\\/\",\"url\":\"http:\\\/\\\/laguanteria.com\\\/wp-content\\\/uploads\\\/2024\\\/03\\\/icon-faded.png\",\"contentUrl\":\"http:\\\/\\\/laguanteria.com\\\/wp-content\\\/uploads\\\/2024\\\/03\\\/icon-faded.png\",\"width\":512,\"height\":512,\"caption\":\"La Guanteria\"},\"image\":{\"@id\":\"https:\\\/\\\/laguanteria.com\\\/es_es\\\/#\\\/schema\\\/logo\\\/image\\\/\"},\"sameAs\":[\"https:\\\/\\\/www.facebook.com\\\/laguanteria\",\"https:\\\/\\\/www.instagram.com\\\/laguanteria\"]}]}<\/script>\n<!-- \/ Yoast SEO Premium plugin. -->","yoast_head_json":{"title":"Gorro Capucha Guada\u00f1ador Dril Verde - La Guanteria","robots":{"index":"index","follow":"follow","max-snippet":"max-snippet:-1","max-image-preview":"max-image-preview:large","max-video-preview":"max-video-preview:-1"},"canonical":"https:\/\/laguanteria.com\/es_es\/producto\/gorro-capucha-guadanador-dril-verde\/","og_locale":"es_ES","og_type":"article","og_title":"Gorro Capucha Guada\u00f1ador Dril Verde","og_description":"\u00a1Presentamos el Gorro Capucha Guada\u00f1ador Dril Verde de La Guanter\u00eda! Perfecto para entornos de trabajo dif\u00edciles, este gorro est\u00e1 fabricado [&hellip;]","og_url":"https:\/\/laguanteria.com\/es_es\/producto\/gorro-capucha-guadanador-dril-verde\/","og_site_name":"La Guanteria","article_publisher":"https:\/\/www.facebook.com\/laguanteria","article_modified_time":"2024-04-26T16:32:40+00:00","og_image":[{"width":1350,"height":1350,"url":"https:\/\/laguanteria.com\/wp-content\/uploads\/2019\/01\/805286-1.jpg","type":"image\/jpeg"}],"twitter_card":"summary_large_image","twitter_misc":{"Tiempo de lectura":"1 minuto"},"schema":{"@context":"https:\/\/schema.org","@graph":[{"@type":"WebPage","@id":"https:\/\/laguanteria.com\/es_es\/producto\/gorro-capucha-guadanador-dril-verde\/","url":"https:\/\/laguanteria.com\/es_es\/producto\/gorro-capucha-guadanador-dril-verde\/","name":"Gorro Capucha Guada\u00f1ador Dril Verde - La Guanteria","isPartOf":{"@id":"https:\/\/laguanteria.com\/es_es\/#website"},"primaryImageOfPage":{"@id":"https:\/\/laguanteria.com\/es_es\/producto\/gorro-capucha-guadanador-dril-verde\/#primaryimage"},"image":{"@id":"https:\/\/laguanteria.com\/es_es\/producto\/gorro-capucha-guadanador-dril-verde\/#primaryimage"},"thumbnailUrl":"https:\/\/laguanteria.com\/wp-content\/uploads\/2019\/01\/805286-1.jpg","datePublished":"2019-01-13T03:31:06+00:00","dateModified":"2024-04-26T16:32:40+00:00","breadcrumb":{"@id":"https:\/\/laguanteria.com\/es_es\/producto\/gorro-capucha-guadanador-dril-verde\/#breadcrumb"},"inLanguage":"es","potentialAction":[{"@type":"ReadAction","target":["https:\/\/laguanteria.com\/es_es\/producto\/gorro-capucha-guadanador-dril-verde\/"]}]},{"@type":"ImageObject","inLanguage":"es","@id":"https:\/\/laguanteria.com\/es_es\/producto\/gorro-capucha-guadanador-dril-verde\/#primaryimage","url":"https:\/\/laguanteria.com\/wp-content\/uploads\/2019\/01\/805286-1.jpg","contentUrl":"https:\/\/laguanteria.com\/wp-content\/uploads\/2019\/01\/805286-1.jpg","width":1350,"height":1350},{"@type":"BreadcrumbList","@id":"https:\/\/laguanteria.com\/es_es\/producto\/gorro-capucha-guadanador-dril-verde\/#breadcrumb","itemListElement":[{"@type":"ListItem","position":1,"name":"Portada","item":"https:\/\/laguanteria.com\/es_es\/"},{"@type":"ListItem","position":2,"name":"Almac\u00e9n","item":"https:\/\/laguanteria.com\/en_us\/almacen\/"},{"@type":"ListItem","position":3,"name":"Gorro Capucha Guada\u00f1ador Dril Verde"}]},{"@type":"WebSite","@id":"https:\/\/laguanteria.com\/es_es\/#website","url":"https:\/\/laguanteria.com\/es_es\/","name":"La Guanteria","description":"Protecci\u00f3n en tus manos","publisher":{"@id":"https:\/\/laguanteria.com\/es_es\/#organization"},"potentialAction":[{"@type":"SearchAction","target":{"@type":"EntryPoint","urlTemplate":"https:\/\/laguanteria.com\/es_es\/?s={search_term_string}"},"query-input":{"@type":"PropertyValueSpecification","valueRequired":true,"valueName":"search_term_string"}}],"inLanguage":"es"},{"@type":"Organization","@id":"https:\/\/laguanteria.com\/es_es\/#organization","name":"La Guanteria","url":"https:\/\/laguanteria.com\/es_es\/","logo":{"@type":"ImageObject","inLanguage":"es","@id":"https:\/\/laguanteria.com\/es_es\/#\/schema\/logo\/image\/","url":"http:\/\/laguanteria.com\/wp-content\/uploads\/2024\/03\/icon-faded.png","contentUrl":"http:\/\/laguanteria.com\/wp-content\/uploads\/2024\/03\/icon-faded.png","width":512,"height":512,"caption":"La Guanteria"},"image":{"@id":"https:\/\/laguanteria.com\/es_es\/#\/schema\/logo\/image\/"},"sameAs":["https:\/\/www.facebook.com\/laguanteria","https:\/\/www.instagram.com\/laguanteria"]}]}},"_links":{"self":[{"href":"https:\/\/laguanteria.com\/es_es\/wp-json\/wp\/v2\/product\/1925","targetHints":{"allow":["GET"]}}],"collection":[{"href":"https:\/\/laguanteria.com\/es_es\/wp-json\/wp\/v2\/product"}],"about":[{"href":"https:\/\/laguanteria.com\/es_es\/wp-json\/wp\/v2\/types\/product"}],"wp:featuredmedia":[{"embeddable":true,"href":"https:\/\/laguanteria.com\/es_es\/wp-json\/wp\/v2\/media\/25305"}],"wp:attachment":[{"href":"https:\/\/laguanteria.com\/es_es\/wp-json\/wp\/v2\/media?parent=1925"}],"wp:term":[{"taxonomy":"product_brand","embeddable":true,"href":"https:\/\/laguanteria.com\/es_es\/wp-json\/wp\/v2\/product_brand?post=1925"},{"taxonomy":"product_cat","embeddable":true,"href":"https:\/\/laguanteria.com\/es_es\/wp-json\/wp\/v2\/product_cat?post=1925"},{"taxonomy":"product_tag","embeddable":true,"href":"https:\/\/laguanteria.com\/es_es\/wp-json\/wp\/v2\/product_tag?post=1925"}],"curies":[{"name":"wp","href":"https:\/\/api.w.org\/{rel}","templated":true}]}}