{"id":1920,"date":"2019-01-12T22:27:36","date_gmt":"2019-01-13T03:27:36","guid":{"rendered":"https:\/\/web.laguanteria.com\/?post_type=product&#038;p=1920"},"modified":"2024-04-15T16:43:50","modified_gmt":"2024-04-15T21:43:50","slug":"gorro-capucha-fundidor-en-cuero","status":"publish","type":"product","link":"https:\/\/laguanteria.com\/es_es\/producto\/gorro-capucha-fundidor-en-cuero\/","title":{"rendered":"Gorro Capucha Fundidor en Cuero"},"content":{"rendered":"<p>Protege tu cabeza y cuello con estilo en cualquier obra de construcci\u00f3n con el Gorro Capucha Fundidor en Cuero de La Guanter\u00eda. Confeccionado con cuero duradero para una resistencia excepcional, cuenta con una capucha integrada para brindar calidez y protecci\u00f3n adicional contra el fr\u00edo y la intemperie. Sus costuras reforzadas y su dise\u00f1o ergon\u00f3mico garantizan comodidad y durabilidad durante todo el d\u00eda de trabajo.<\/p>\n","protected":false},"excerpt":{"rendered":"<p>Protege tu cabeza y cuello con estilo en cualquier obra de construcci\u00f3n con el Gorro Capucha Fundidor en Cuero de [&hellip;]<\/p>\n","protected":false},"featured_media":25304,"template":"","meta":{"site-sidebar-layout":"default","site-content-layout":"","ast-site-content-layout":"default","site-content-style":"default","site-sidebar-style":"default","ast-global-header-display":"","ast-banner-title-visibility":"","ast-main-header-display":"","ast-hfb-above-header-display":"","ast-hfb-below-header-display":"","ast-hfb-mobile-header-display":"","site-post-title":"","ast-breadcrumbs-content":"","ast-featured-img":"","footer-sml-layout":"","theme-transparent-header-meta":"default","adv-header-id-meta":"","stick-header-meta":"","header-above-stick-meta":"","header-main-stick-meta":"","header-below-stick-meta":"","astra-migrate-meta-layouts":"set","ast-page-background-enabled":"default","ast-page-background-meta":{"desktop":{"background-color":"var(--ast-global-color-4)","background-image":"","background-repeat":"repeat","background-position":"center center","background-size":"auto","background-attachment":"scroll","background-type":"","background-media":"","overlay-type":"","overlay-color":"","overlay-gradient":""},"tablet":{"background-color":"","background-image":"","background-repeat":"repeat","background-position":"center center","background-size":"auto","background-attachment":"scroll","background-type":"","background-media":"","overlay-type":"","overlay-color":"","overlay-gradient":""},"mobile":{"background-color":"","background-image":"","background-repeat":"repeat","background-position":"center center","background-size":"auto","background-attachment":"scroll","background-type":"","background-media":"","overlay-type":"","overlay-color":"","overlay-gradient":""}},"ast-content-background-meta":{"desktop":{"background-color":"var(--ast-global-color-5)","background-image":"","background-repeat":"repeat","background-position":"center center","background-size":"auto","background-attachment":"scroll","background-type":"","background-media":"","overlay-type":"","overlay-color":"","overlay-gradient":""},"tablet":{"background-color":"var(--ast-global-color-5)","background-image":"","background-repeat":"repeat","background-position":"center center","background-size":"auto","background-attachment":"scroll","background-type":"","background-media":"","overlay-type":"","overlay-color":"","overlay-gradient":""},"mobile":{"background-color":"var(--ast-global-color-5)","background-image":"","background-repeat":"repeat","background-position":"center center","background-size":"auto","background-attachment":"scroll","background-type":"","background-media":"","overlay-type":"","overlay-color":"","overlay-gradient":""}},"_joinchat":[]},"product_brand":[],"product_cat":[132,130],"product_tag":[],"class_list":{"0":"post-1920","1":"product","2":"type-product","3":"status-publish","4":"has-post-thumbnail","6":"product_cat-capuchas","7":"product_cat-vestuario","8":"desktop-align-left","9":"tablet-align-left","10":"mobile-align-left","12":"first","13":"instock","14":"taxable","15":"shipping-taxable","16":"purchasable","17":"product-type-simple"},"yoast_head":"<!-- This site is optimized with the Yoast SEO Premium plugin v20.4 (Yoast SEO v27.4) - https:\/\/yoast.com\/product\/yoast-seo-premium-wordpress\/ -->\n<title>Gorro Capucha Fundidor en Cuero - La Guanteria<\/title>\n<meta name=\"robots\" content=\"index, follow, max-snippet:-1, max-image-preview:large, max-video-preview:-1\" \/>\n<link rel=\"canonical\" href=\"https:\/\/laguanteria.com\/es_es\/product\/gorro-capucha-fundidor-en-cuero\/\" \/>\n<meta property=\"og:locale\" content=\"es_ES\" \/>\n<meta property=\"og:type\" content=\"article\" \/>\n<meta property=\"og:title\" content=\"Gorro Capucha Fundidor en Cuero\" \/>\n<meta property=\"og:description\" content=\"Protege tu cabeza y cuello con estilo en cualquier obra de construcci\u00f3n con el Gorro Capucha Fundidor en Cuero de [&hellip;]\" \/>\n<meta property=\"og:url\" content=\"https:\/\/laguanteria.com\/es_es\/product\/gorro-capucha-fundidor-en-cuero\/\" \/>\n<meta property=\"og:site_name\" content=\"La Guanteria\" \/>\n<meta property=\"article:publisher\" content=\"https:\/\/www.facebook.com\/laguanteria\" \/>\n<meta property=\"article:modified_time\" content=\"2024-04-15T21:43:50+00:00\" \/>\n<meta property=\"og:image\" content=\"https:\/\/laguanteria.com\/wp-content\/uploads\/2019\/01\/805116-1.jpg\" \/>\n\t<meta property=\"og:image:width\" content=\"1350\" \/>\n\t<meta property=\"og:image:height\" content=\"1350\" \/>\n\t<meta property=\"og:image:type\" content=\"image\/jpeg\" \/>\n<meta name=\"twitter:card\" content=\"summary_large_image\" \/>\n<meta name=\"twitter:label1\" content=\"Tiempo de lectura\" \/>\n\t<meta name=\"twitter:data1\" content=\"1 minuto\" \/>\n<script type=\"application\/ld+json\" class=\"yoast-schema-graph\">{\"@context\":\"https:\\\/\\\/schema.org\",\"@graph\":[{\"@type\":\"WebPage\",\"@id\":\"https:\\\/\\\/laguanteria.com\\\/en_us\\\/product\\\/gorro-capucha-fundidor-en-cuero\\\/\",\"url\":\"https:\\\/\\\/laguanteria.com\\\/en_us\\\/product\\\/gorro-capucha-fundidor-en-cuero\\\/\",\"name\":\"Gorro Capucha Fundidor en Cuero - La Guanteria\",\"isPartOf\":{\"@id\":\"https:\\\/\\\/laguanteria.com\\\/es_es\\\/#website\"},\"primaryImageOfPage\":{\"@id\":\"https:\\\/\\\/laguanteria.com\\\/en_us\\\/product\\\/gorro-capucha-fundidor-en-cuero\\\/#primaryimage\"},\"image\":{\"@id\":\"https:\\\/\\\/laguanteria.com\\\/en_us\\\/product\\\/gorro-capucha-fundidor-en-cuero\\\/#primaryimage\"},\"thumbnailUrl\":\"https:\\\/\\\/laguanteria.com\\\/wp-content\\\/uploads\\\/2019\\\/01\\\/805116-1.jpg\",\"datePublished\":\"2019-01-13T03:27:36+00:00\",\"dateModified\":\"2024-04-15T21:43:50+00:00\",\"breadcrumb\":{\"@id\":\"https:\\\/\\\/laguanteria.com\\\/en_us\\\/product\\\/gorro-capucha-fundidor-en-cuero\\\/#breadcrumb\"},\"inLanguage\":\"es\",\"potentialAction\":[{\"@type\":\"ReadAction\",\"target\":[\"https:\\\/\\\/laguanteria.com\\\/en_us\\\/product\\\/gorro-capucha-fundidor-en-cuero\\\/\"]}]},{\"@type\":\"ImageObject\",\"inLanguage\":\"es\",\"@id\":\"https:\\\/\\\/laguanteria.com\\\/en_us\\\/product\\\/gorro-capucha-fundidor-en-cuero\\\/#primaryimage\",\"url\":\"https:\\\/\\\/laguanteria.com\\\/wp-content\\\/uploads\\\/2019\\\/01\\\/805116-1.jpg\",\"contentUrl\":\"https:\\\/\\\/laguanteria.com\\\/wp-content\\\/uploads\\\/2019\\\/01\\\/805116-1.jpg\",\"width\":1350,\"height\":1350},{\"@type\":\"BreadcrumbList\",\"@id\":\"https:\\\/\\\/laguanteria.com\\\/en_us\\\/product\\\/gorro-capucha-fundidor-en-cuero\\\/#breadcrumb\",\"itemListElement\":[{\"@type\":\"ListItem\",\"position\":1,\"name\":\"Portada\",\"item\":\"https:\\\/\\\/laguanteria.com\\\/es_es\\\/\"},{\"@type\":\"ListItem\",\"position\":2,\"name\":\"Almac\u00e9n\",\"item\":\"https:\\\/\\\/laguanteria.com\\\/en_us\\\/almacen\\\/\"},{\"@type\":\"ListItem\",\"position\":3,\"name\":\"Gorro Capucha Fundidor en Cuero\"}]},{\"@type\":\"WebSite\",\"@id\":\"https:\\\/\\\/laguanteria.com\\\/es_es\\\/#website\",\"url\":\"https:\\\/\\\/laguanteria.com\\\/es_es\\\/\",\"name\":\"La Guanteria\",\"description\":\"Protecci\u00f3n en tus manos\",\"publisher\":{\"@id\":\"https:\\\/\\\/laguanteria.com\\\/es_es\\\/#organization\"},\"potentialAction\":[{\"@type\":\"SearchAction\",\"target\":{\"@type\":\"EntryPoint\",\"urlTemplate\":\"https:\\\/\\\/laguanteria.com\\\/es_es\\\/?s={search_term_string}\"},\"query-input\":{\"@type\":\"PropertyValueSpecification\",\"valueRequired\":true,\"valueName\":\"search_term_string\"}}],\"inLanguage\":\"es\"},{\"@type\":\"Organization\",\"@id\":\"https:\\\/\\\/laguanteria.com\\\/es_es\\\/#organization\",\"name\":\"La Guanteria\",\"url\":\"https:\\\/\\\/laguanteria.com\\\/es_es\\\/\",\"logo\":{\"@type\":\"ImageObject\",\"inLanguage\":\"es\",\"@id\":\"https:\\\/\\\/laguanteria.com\\\/es_es\\\/#\\\/schema\\\/logo\\\/image\\\/\",\"url\":\"http:\\\/\\\/laguanteria.com\\\/wp-content\\\/uploads\\\/2024\\\/03\\\/icon-faded.png\",\"contentUrl\":\"http:\\\/\\\/laguanteria.com\\\/wp-content\\\/uploads\\\/2024\\\/03\\\/icon-faded.png\",\"width\":512,\"height\":512,\"caption\":\"La Guanteria\"},\"image\":{\"@id\":\"https:\\\/\\\/laguanteria.com\\\/es_es\\\/#\\\/schema\\\/logo\\\/image\\\/\"},\"sameAs\":[\"https:\\\/\\\/www.facebook.com\\\/laguanteria\",\"https:\\\/\\\/www.instagram.com\\\/laguanteria\"]}]}<\/script>\n<!-- \/ Yoast SEO Premium plugin. -->","yoast_head_json":{"title":"Gorro Capucha Fundidor en Cuero - La Guanteria","robots":{"index":"index","follow":"follow","max-snippet":"max-snippet:-1","max-image-preview":"max-image-preview:large","max-video-preview":"max-video-preview:-1"},"canonical":"https:\/\/laguanteria.com\/es_es\/product\/gorro-capucha-fundidor-en-cuero\/","og_locale":"es_ES","og_type":"article","og_title":"Gorro Capucha Fundidor en Cuero","og_description":"Protege tu cabeza y cuello con estilo en cualquier obra de construcci\u00f3n con el Gorro Capucha Fundidor en Cuero de [&hellip;]","og_url":"https:\/\/laguanteria.com\/es_es\/product\/gorro-capucha-fundidor-en-cuero\/","og_site_name":"La Guanteria","article_publisher":"https:\/\/www.facebook.com\/laguanteria","article_modified_time":"2024-04-15T21:43:50+00:00","og_image":[{"width":1350,"height":1350,"url":"https:\/\/laguanteria.com\/wp-content\/uploads\/2019\/01\/805116-1.jpg","type":"image\/jpeg"}],"twitter_card":"summary_large_image","twitter_misc":{"Tiempo de lectura":"1 minuto"},"schema":{"@context":"https:\/\/schema.org","@graph":[{"@type":"WebPage","@id":"https:\/\/laguanteria.com\/en_us\/product\/gorro-capucha-fundidor-en-cuero\/","url":"https:\/\/laguanteria.com\/en_us\/product\/gorro-capucha-fundidor-en-cuero\/","name":"Gorro Capucha Fundidor en Cuero - La Guanteria","isPartOf":{"@id":"https:\/\/laguanteria.com\/es_es\/#website"},"primaryImageOfPage":{"@id":"https:\/\/laguanteria.com\/en_us\/product\/gorro-capucha-fundidor-en-cuero\/#primaryimage"},"image":{"@id":"https:\/\/laguanteria.com\/en_us\/product\/gorro-capucha-fundidor-en-cuero\/#primaryimage"},"thumbnailUrl":"https:\/\/laguanteria.com\/wp-content\/uploads\/2019\/01\/805116-1.jpg","datePublished":"2019-01-13T03:27:36+00:00","dateModified":"2024-04-15T21:43:50+00:00","breadcrumb":{"@id":"https:\/\/laguanteria.com\/en_us\/product\/gorro-capucha-fundidor-en-cuero\/#breadcrumb"},"inLanguage":"es","potentialAction":[{"@type":"ReadAction","target":["https:\/\/laguanteria.com\/en_us\/product\/gorro-capucha-fundidor-en-cuero\/"]}]},{"@type":"ImageObject","inLanguage":"es","@id":"https:\/\/laguanteria.com\/en_us\/product\/gorro-capucha-fundidor-en-cuero\/#primaryimage","url":"https:\/\/laguanteria.com\/wp-content\/uploads\/2019\/01\/805116-1.jpg","contentUrl":"https:\/\/laguanteria.com\/wp-content\/uploads\/2019\/01\/805116-1.jpg","width":1350,"height":1350},{"@type":"BreadcrumbList","@id":"https:\/\/laguanteria.com\/en_us\/product\/gorro-capucha-fundidor-en-cuero\/#breadcrumb","itemListElement":[{"@type":"ListItem","position":1,"name":"Portada","item":"https:\/\/laguanteria.com\/es_es\/"},{"@type":"ListItem","position":2,"name":"Almac\u00e9n","item":"https:\/\/laguanteria.com\/en_us\/almacen\/"},{"@type":"ListItem","position":3,"name":"Gorro Capucha Fundidor en Cuero"}]},{"@type":"WebSite","@id":"https:\/\/laguanteria.com\/es_es\/#website","url":"https:\/\/laguanteria.com\/es_es\/","name":"La Guanteria","description":"Protecci\u00f3n en tus manos","publisher":{"@id":"https:\/\/laguanteria.com\/es_es\/#organization"},"potentialAction":[{"@type":"SearchAction","target":{"@type":"EntryPoint","urlTemplate":"https:\/\/laguanteria.com\/es_es\/?s={search_term_string}"},"query-input":{"@type":"PropertyValueSpecification","valueRequired":true,"valueName":"search_term_string"}}],"inLanguage":"es"},{"@type":"Organization","@id":"https:\/\/laguanteria.com\/es_es\/#organization","name":"La Guanteria","url":"https:\/\/laguanteria.com\/es_es\/","logo":{"@type":"ImageObject","inLanguage":"es","@id":"https:\/\/laguanteria.com\/es_es\/#\/schema\/logo\/image\/","url":"http:\/\/laguanteria.com\/wp-content\/uploads\/2024\/03\/icon-faded.png","contentUrl":"http:\/\/laguanteria.com\/wp-content\/uploads\/2024\/03\/icon-faded.png","width":512,"height":512,"caption":"La Guanteria"},"image":{"@id":"https:\/\/laguanteria.com\/es_es\/#\/schema\/logo\/image\/"},"sameAs":["https:\/\/www.facebook.com\/laguanteria","https:\/\/www.instagram.com\/laguanteria"]}]}},"_links":{"self":[{"href":"https:\/\/laguanteria.com\/es_es\/wp-json\/wp\/v2\/product\/1920","targetHints":{"allow":["GET"]}}],"collection":[{"href":"https:\/\/laguanteria.com\/es_es\/wp-json\/wp\/v2\/product"}],"about":[{"href":"https:\/\/laguanteria.com\/es_es\/wp-json\/wp\/v2\/types\/product"}],"wp:featuredmedia":[{"embeddable":true,"href":"https:\/\/laguanteria.com\/es_es\/wp-json\/wp\/v2\/media\/25304"}],"wp:attachment":[{"href":"https:\/\/laguanteria.com\/es_es\/wp-json\/wp\/v2\/media?parent=1920"}],"wp:term":[{"taxonomy":"product_brand","embeddable":true,"href":"https:\/\/laguanteria.com\/es_es\/wp-json\/wp\/v2\/product_brand?post=1920"},{"taxonomy":"product_cat","embeddable":true,"href":"https:\/\/laguanteria.com\/es_es\/wp-json\/wp\/v2\/product_cat?post=1920"},{"taxonomy":"product_tag","embeddable":true,"href":"https:\/\/laguanteria.com\/es_es\/wp-json\/wp\/v2\/product_tag?post=1920"}],"curies":[{"name":"wp","href":"https:\/\/api.w.org\/{rel}","templated":true}]}}