{"id":1872,"date":"2019-01-13T02:47:23","date_gmt":"2019-01-13T07:47:23","guid":{"rendered":"https:\/\/web.laguanteria.com\/?post_type=product&#038;p=1872"},"modified":"2025-01-15T17:30:43","modified_gmt":"2025-01-15T22:30:43","slug":"delantal-115-plastico-endurosaf-blanco","status":"publish","type":"product","link":"https:\/\/laguanteria.com\/en_us\/product\/delantal-115-plastico-endurosaf-blanco\/","title":{"rendered":"Apron 115 Endurosaf Plastic White"},"content":{"rendered":"<p>Protect your clothes with the new Endurosaf White Plastic Apron 115 from La Guanter\u00eda. Made of durable plastic, this apron is designed to withstand the toughest conditions of construction or similar sites. Its bright white color ensures high visibility, while its ergonomic design offers comfort and freedom of movement throughout the day.<\/p>","protected":false},"excerpt":{"rendered":"<p>Protege tu ropa con el nuevo Delantal 115 Pl\u00e1stico Endurosaf Blanco de La Guanter\u00eda. Hecho de pl\u00e1stico resistente, este delantal [&hellip;]<\/p>","protected":false},"featured_media":25314,"template":"","meta":{"site-sidebar-layout":"default","site-content-layout":"","ast-site-content-layout":"default","site-content-style":"default","site-sidebar-style":"default","ast-global-header-display":"","ast-banner-title-visibility":"","ast-main-header-display":"","ast-hfb-above-header-display":"","ast-hfb-below-header-display":"","ast-hfb-mobile-header-display":"","site-post-title":"","ast-breadcrumbs-content":"","ast-featured-img":"","footer-sml-layout":"","theme-transparent-header-meta":"default","adv-header-id-meta":"","stick-header-meta":"","header-above-stick-meta":"","header-main-stick-meta":"","header-below-stick-meta":"","astra-migrate-meta-layouts":"set","ast-page-background-enabled":"default","ast-page-background-meta":{"desktop":{"background-color":"var(--ast-global-color-4)","background-image":"","background-repeat":"repeat","background-position":"center center","background-size":"auto","background-attachment":"scroll","background-type":"","background-media":"","overlay-type":"","overlay-color":"","overlay-gradient":""},"tablet":{"background-color":"","background-image":"","background-repeat":"repeat","background-position":"center center","background-size":"auto","background-attachment":"scroll","background-type":"","background-media":"","overlay-type":"","overlay-color":"","overlay-gradient":""},"mobile":{"background-color":"","background-image":"","background-repeat":"repeat","background-position":"center center","background-size":"auto","background-attachment":"scroll","background-type":"","background-media":"","overlay-type":"","overlay-color":"","overlay-gradient":""}},"ast-content-background-meta":{"desktop":{"background-color":"var(--ast-global-color-5)","background-image":"","background-repeat":"repeat","background-position":"center center","background-size":"auto","background-attachment":"scroll","background-type":"","background-media":"","overlay-type":"","overlay-color":"","overlay-gradient":""},"tablet":{"background-color":"var(--ast-global-color-5)","background-image":"","background-repeat":"repeat","background-position":"center center","background-size":"auto","background-attachment":"scroll","background-type":"","background-media":"","overlay-type":"","overlay-color":"","overlay-gradient":""},"mobile":{"background-color":"var(--ast-global-color-5)","background-image":"","background-repeat":"repeat","background-position":"center center","background-size":"auto","background-attachment":"scroll","background-type":"","background-media":"","overlay-type":"","overlay-color":"","overlay-gradient":""}},"_joinchat":[]},"product_brand":[],"product_cat":[131,130],"product_tag":[],"class_list":{"0":"post-1872","1":"product","2":"type-product","3":"status-publish","4":"has-post-thumbnail","6":"product_cat-delantales","7":"product_cat-vestuario","8":"desktop-align-left","9":"tablet-align-left","10":"mobile-align-left","12":"first","13":"instock","14":"taxable","15":"shipping-taxable","16":"purchasable","17":"product-type-simple"},"yoast_head":"<!-- This site is optimized with the Yoast SEO Premium plugin v20.4 (Yoast SEO v27.4) - https:\/\/yoast.com\/product\/yoast-seo-premium-wordpress\/ -->\n<title>Delantal 115 Pl\u00e1stico Endurosaf Blanco - La Guanteria<\/title>\n<meta name=\"robots\" content=\"index, follow, max-snippet:-1, max-image-preview:large, max-video-preview:-1\" \/>\n<link rel=\"canonical\" href=\"https:\/\/laguanteria.com\/en_us\/product\/delantal-115-plastico-endurosaf-blanco\/\" \/>\n<meta property=\"og:locale\" content=\"en_US\" \/>\n<meta property=\"og:type\" content=\"article\" \/>\n<meta property=\"og:title\" content=\"Delantal 115 Pl\u00e1stico Endurosaf Blanco\" \/>\n<meta property=\"og:description\" content=\"Protege tu ropa con el nuevo Delantal 115 Pl\u00e1stico Endurosaf Blanco de La Guanter\u00eda. Hecho de pl\u00e1stico resistente, este delantal [&hellip;]\" \/>\n<meta property=\"og:url\" content=\"https:\/\/laguanteria.com\/en_us\/product\/delantal-115-plastico-endurosaf-blanco\/\" \/>\n<meta property=\"og:site_name\" content=\"La Guanteria\" \/>\n<meta property=\"article:publisher\" content=\"https:\/\/www.facebook.com\/laguanteria\" \/>\n<meta property=\"article:modified_time\" content=\"2025-01-15T22:30:43+00:00\" \/>\n<meta property=\"og:image\" content=\"https:\/\/laguanteria.com\/wp-content\/uploads\/2019\/01\/405048-3.jpg\" \/>\n\t<meta property=\"og:image:width\" content=\"1080\" \/>\n\t<meta property=\"og:image:height\" content=\"1080\" \/>\n\t<meta property=\"og:image:type\" content=\"image\/jpeg\" \/>\n<meta name=\"twitter:card\" content=\"summary_large_image\" \/>\n<meta name=\"twitter:label1\" content=\"Est. reading time\" \/>\n\t<meta name=\"twitter:data1\" content=\"1 minute\" \/>\n<script type=\"application\/ld+json\" class=\"yoast-schema-graph\">{\"@context\":\"https:\\\/\\\/schema.org\",\"@graph\":[{\"@type\":\"WebPage\",\"@id\":\"https:\\\/\\\/laguanteria.com\\\/es_es\\\/producto\\\/delantal-115-plastico-endurosaf-blanco\\\/\",\"url\":\"https:\\\/\\\/laguanteria.com\\\/es_es\\\/producto\\\/delantal-115-plastico-endurosaf-blanco\\\/\",\"name\":\"Delantal 115 Pl\u00e1stico Endurosaf Blanco - La Guanteria\",\"isPartOf\":{\"@id\":\"https:\\\/\\\/laguanteria.com\\\/es_es\\\/#website\"},\"primaryImageOfPage\":{\"@id\":\"https:\\\/\\\/laguanteria.com\\\/es_es\\\/producto\\\/delantal-115-plastico-endurosaf-blanco\\\/#primaryimage\"},\"image\":{\"@id\":\"https:\\\/\\\/laguanteria.com\\\/es_es\\\/producto\\\/delantal-115-plastico-endurosaf-blanco\\\/#primaryimage\"},\"thumbnailUrl\":\"https:\\\/\\\/laguanteria.com\\\/wp-content\\\/uploads\\\/2019\\\/01\\\/405048-3.jpg\",\"datePublished\":\"2019-01-13T07:47:23+00:00\",\"dateModified\":\"2025-01-15T22:30:43+00:00\",\"breadcrumb\":{\"@id\":\"https:\\\/\\\/laguanteria.com\\\/es_es\\\/producto\\\/delantal-115-plastico-endurosaf-blanco\\\/#breadcrumb\"},\"inLanguage\":\"en-US\",\"potentialAction\":[{\"@type\":\"ReadAction\",\"target\":[\"https:\\\/\\\/laguanteria.com\\\/es_es\\\/producto\\\/delantal-115-plastico-endurosaf-blanco\\\/\"]}]},{\"@type\":\"ImageObject\",\"inLanguage\":\"en-US\",\"@id\":\"https:\\\/\\\/laguanteria.com\\\/es_es\\\/producto\\\/delantal-115-plastico-endurosaf-blanco\\\/#primaryimage\",\"url\":\"https:\\\/\\\/laguanteria.com\\\/wp-content\\\/uploads\\\/2019\\\/01\\\/405048-3.jpg\",\"contentUrl\":\"https:\\\/\\\/laguanteria.com\\\/wp-content\\\/uploads\\\/2019\\\/01\\\/405048-3.jpg\",\"width\":1080,\"height\":1080},{\"@type\":\"BreadcrumbList\",\"@id\":\"https:\\\/\\\/laguanteria.com\\\/es_es\\\/producto\\\/delantal-115-plastico-endurosaf-blanco\\\/#breadcrumb\",\"itemListElement\":[{\"@type\":\"ListItem\",\"position\":1,\"name\":\"Portada\",\"item\":\"https:\\\/\\\/laguanteria.com\\\/es_es\\\/\"},{\"@type\":\"ListItem\",\"position\":2,\"name\":\"Almac\u00e9n\",\"item\":\"https:\\\/\\\/laguanteria.com\\\/en_us\\\/almacen\\\/\"},{\"@type\":\"ListItem\",\"position\":3,\"name\":\"Delantal 115 Pl\u00e1stico Endurosaf Blanco\"}]},{\"@type\":\"WebSite\",\"@id\":\"https:\\\/\\\/laguanteria.com\\\/es_es\\\/#website\",\"url\":\"https:\\\/\\\/laguanteria.com\\\/es_es\\\/\",\"name\":\"La Guanteria\",\"description\":\"Protecci\u00f3n en tus manos\",\"publisher\":{\"@id\":\"https:\\\/\\\/laguanteria.com\\\/es_es\\\/#organization\"},\"potentialAction\":[{\"@type\":\"SearchAction\",\"target\":{\"@type\":\"EntryPoint\",\"urlTemplate\":\"https:\\\/\\\/laguanteria.com\\\/es_es\\\/?s={search_term_string}\"},\"query-input\":{\"@type\":\"PropertyValueSpecification\",\"valueRequired\":true,\"valueName\":\"search_term_string\"}}],\"inLanguage\":\"en-US\"},{\"@type\":\"Organization\",\"@id\":\"https:\\\/\\\/laguanteria.com\\\/es_es\\\/#organization\",\"name\":\"La Guanteria\",\"url\":\"https:\\\/\\\/laguanteria.com\\\/es_es\\\/\",\"logo\":{\"@type\":\"ImageObject\",\"inLanguage\":\"en-US\",\"@id\":\"https:\\\/\\\/laguanteria.com\\\/es_es\\\/#\\\/schema\\\/logo\\\/image\\\/\",\"url\":\"http:\\\/\\\/laguanteria.com\\\/wp-content\\\/uploads\\\/2024\\\/03\\\/icon-faded.png\",\"contentUrl\":\"http:\\\/\\\/laguanteria.com\\\/wp-content\\\/uploads\\\/2024\\\/03\\\/icon-faded.png\",\"width\":512,\"height\":512,\"caption\":\"La Guanteria\"},\"image\":{\"@id\":\"https:\\\/\\\/laguanteria.com\\\/es_es\\\/#\\\/schema\\\/logo\\\/image\\\/\"},\"sameAs\":[\"https:\\\/\\\/www.facebook.com\\\/laguanteria\",\"https:\\\/\\\/www.instagram.com\\\/laguanteria\"]}]}<\/script>\n<!-- \/ Yoast SEO Premium plugin. -->","yoast_head_json":{"title":"Delantal 115 Pl\u00e1stico Endurosaf Blanco - La Guanteria","robots":{"index":"index","follow":"follow","max-snippet":"max-snippet:-1","max-image-preview":"max-image-preview:large","max-video-preview":"max-video-preview:-1"},"canonical":"https:\/\/laguanteria.com\/en_us\/product\/delantal-115-plastico-endurosaf-blanco\/","og_locale":"en_US","og_type":"article","og_title":"Delantal 115 Pl\u00e1stico Endurosaf Blanco","og_description":"Protege tu ropa con el nuevo Delantal 115 Pl\u00e1stico Endurosaf Blanco de La Guanter\u00eda. Hecho de pl\u00e1stico resistente, este delantal [&hellip;]","og_url":"https:\/\/laguanteria.com\/en_us\/product\/delantal-115-plastico-endurosaf-blanco\/","og_site_name":"La Guanteria","article_publisher":"https:\/\/www.facebook.com\/laguanteria","article_modified_time":"2025-01-15T22:30:43+00:00","og_image":[{"width":1080,"height":1080,"url":"https:\/\/laguanteria.com\/wp-content\/uploads\/2019\/01\/405048-3.jpg","type":"image\/jpeg"}],"twitter_card":"summary_large_image","twitter_misc":{"Est. reading time":"1 minute"},"schema":{"@context":"https:\/\/schema.org","@graph":[{"@type":"WebPage","@id":"https:\/\/laguanteria.com\/es_es\/producto\/delantal-115-plastico-endurosaf-blanco\/","url":"https:\/\/laguanteria.com\/es_es\/producto\/delantal-115-plastico-endurosaf-blanco\/","name":"Delantal 115 Pl\u00e1stico Endurosaf Blanco - La Guanteria","isPartOf":{"@id":"https:\/\/laguanteria.com\/es_es\/#website"},"primaryImageOfPage":{"@id":"https:\/\/laguanteria.com\/es_es\/producto\/delantal-115-plastico-endurosaf-blanco\/#primaryimage"},"image":{"@id":"https:\/\/laguanteria.com\/es_es\/producto\/delantal-115-plastico-endurosaf-blanco\/#primaryimage"},"thumbnailUrl":"https:\/\/laguanteria.com\/wp-content\/uploads\/2019\/01\/405048-3.jpg","datePublished":"2019-01-13T07:47:23+00:00","dateModified":"2025-01-15T22:30:43+00:00","breadcrumb":{"@id":"https:\/\/laguanteria.com\/es_es\/producto\/delantal-115-plastico-endurosaf-blanco\/#breadcrumb"},"inLanguage":"en-US","potentialAction":[{"@type":"ReadAction","target":["https:\/\/laguanteria.com\/es_es\/producto\/delantal-115-plastico-endurosaf-blanco\/"]}]},{"@type":"ImageObject","inLanguage":"en-US","@id":"https:\/\/laguanteria.com\/es_es\/producto\/delantal-115-plastico-endurosaf-blanco\/#primaryimage","url":"https:\/\/laguanteria.com\/wp-content\/uploads\/2019\/01\/405048-3.jpg","contentUrl":"https:\/\/laguanteria.com\/wp-content\/uploads\/2019\/01\/405048-3.jpg","width":1080,"height":1080},{"@type":"BreadcrumbList","@id":"https:\/\/laguanteria.com\/es_es\/producto\/delantal-115-plastico-endurosaf-blanco\/#breadcrumb","itemListElement":[{"@type":"ListItem","position":1,"name":"Portada","item":"https:\/\/laguanteria.com\/es_es\/"},{"@type":"ListItem","position":2,"name":"Almac\u00e9n","item":"https:\/\/laguanteria.com\/en_us\/almacen\/"},{"@type":"ListItem","position":3,"name":"Delantal 115 Pl\u00e1stico Endurosaf Blanco"}]},{"@type":"WebSite","@id":"https:\/\/laguanteria.com\/es_es\/#website","url":"https:\/\/laguanteria.com\/es_es\/","name":"La Guanteria","description":"Protecci\u00f3n en tus manos","publisher":{"@id":"https:\/\/laguanteria.com\/es_es\/#organization"},"potentialAction":[{"@type":"SearchAction","target":{"@type":"EntryPoint","urlTemplate":"https:\/\/laguanteria.com\/es_es\/?s={search_term_string}"},"query-input":{"@type":"PropertyValueSpecification","valueRequired":true,"valueName":"search_term_string"}}],"inLanguage":"en-US"},{"@type":"Organization","@id":"https:\/\/laguanteria.com\/es_es\/#organization","name":"La Guanteria","url":"https:\/\/laguanteria.com\/es_es\/","logo":{"@type":"ImageObject","inLanguage":"en-US","@id":"https:\/\/laguanteria.com\/es_es\/#\/schema\/logo\/image\/","url":"http:\/\/laguanteria.com\/wp-content\/uploads\/2024\/03\/icon-faded.png","contentUrl":"http:\/\/laguanteria.com\/wp-content\/uploads\/2024\/03\/icon-faded.png","width":512,"height":512,"caption":"La Guanteria"},"image":{"@id":"https:\/\/laguanteria.com\/es_es\/#\/schema\/logo\/image\/"},"sameAs":["https:\/\/www.facebook.com\/laguanteria","https:\/\/www.instagram.com\/laguanteria"]}]}},"_links":{"self":[{"href":"https:\/\/laguanteria.com\/en_us\/wp-json\/wp\/v2\/product\/1872","targetHints":{"allow":["GET"]}}],"collection":[{"href":"https:\/\/laguanteria.com\/en_us\/wp-json\/wp\/v2\/product"}],"about":[{"href":"https:\/\/laguanteria.com\/en_us\/wp-json\/wp\/v2\/types\/product"}],"wp:featuredmedia":[{"embeddable":true,"href":"https:\/\/laguanteria.com\/en_us\/wp-json\/wp\/v2\/media\/25314"}],"wp:attachment":[{"href":"https:\/\/laguanteria.com\/en_us\/wp-json\/wp\/v2\/media?parent=1872"}],"wp:term":[{"taxonomy":"product_brand","embeddable":true,"href":"https:\/\/laguanteria.com\/en_us\/wp-json\/wp\/v2\/product_brand?post=1872"},{"taxonomy":"product_cat","embeddable":true,"href":"https:\/\/laguanteria.com\/en_us\/wp-json\/wp\/v2\/product_cat?post=1872"},{"taxonomy":"product_tag","embeddable":true,"href":"https:\/\/laguanteria.com\/en_us\/wp-json\/wp\/v2\/product_tag?post=1872"}],"curies":[{"name":"wp","href":"https:\/\/api.w.org\/{rel}","templated":true}]}}