{"id":1741,"date":"2019-01-12T08:26:46","date_gmt":"2019-01-12T13:26:46","guid":{"rendered":"https:\/\/web.laguanteria.com\/?post_type=product&#038;p=1741"},"modified":"2026-01-15T11:40:54","modified_gmt":"2026-01-15T16:40:54","slug":"guantes-pulidor-m-latex-en-cuero","status":"publish","type":"product","link":"https:\/\/laguanteria.com\/en_us\/product\/guantes-pulidor-m-latex-en-cuero\/","title":{"rendered":"M Latex Leather Polishing Gloves"},"content":{"rendered":"<p>Introducing the La Guanter\u00eda Leather Latex Polisher M Gloves, essential for professionals seeking exceptional protection and comfort on construction sites and industrial environments. Made from premium leather and latex coating, these gloves provide superior resistance to wear, abrasions and chemicals. Their ergonomic fit ensures optimal comfort during extended work hours, while the extended cuff offers additional protection from debris and harmful materials.<\/p>","protected":false},"excerpt":{"rendered":"<p>Presentamos los Guantes Pulidor M L\u00e1tex en Cuero de La Guanter\u00eda, esenciales para profesionales que buscan protecci\u00f3n y comodidad excepcionales [&hellip;]<\/p>","protected":false},"featured_media":25221,"template":"","meta":{"site-sidebar-layout":"default","site-content-layout":"","ast-site-content-layout":"default","site-content-style":"default","site-sidebar-style":"default","ast-global-header-display":"","ast-banner-title-visibility":"","ast-main-header-display":"","ast-hfb-above-header-display":"","ast-hfb-below-header-display":"","ast-hfb-mobile-header-display":"","site-post-title":"","ast-breadcrumbs-content":"","ast-featured-img":"","footer-sml-layout":"","theme-transparent-header-meta":"default","adv-header-id-meta":"","stick-header-meta":"","header-above-stick-meta":"","header-main-stick-meta":"","header-below-stick-meta":"","astra-migrate-meta-layouts":"set","ast-page-background-enabled":"default","ast-page-background-meta":{"desktop":{"background-color":"var(--ast-global-color-4)","background-image":"","background-repeat":"repeat","background-position":"center center","background-size":"auto","background-attachment":"scroll","background-type":"","background-media":"","overlay-type":"","overlay-color":"","overlay-gradient":""},"tablet":{"background-color":"","background-image":"","background-repeat":"repeat","background-position":"center center","background-size":"auto","background-attachment":"scroll","background-type":"","background-media":"","overlay-type":"","overlay-color":"","overlay-gradient":""},"mobile":{"background-color":"","background-image":"","background-repeat":"repeat","background-position":"center center","background-size":"auto","background-attachment":"scroll","background-type":"","background-media":"","overlay-type":"","overlay-color":"","overlay-gradient":""}},"ast-content-background-meta":{"desktop":{"background-color":"var(--ast-global-color-5)","background-image":"","background-repeat":"repeat","background-position":"center center","background-size":"auto","background-attachment":"scroll","background-type":"","background-media":"","overlay-type":"","overlay-color":"","overlay-gradient":""},"tablet":{"background-color":"var(--ast-global-color-5)","background-image":"","background-repeat":"repeat","background-position":"center center","background-size":"auto","background-attachment":"scroll","background-type":"","background-media":"","overlay-type":"","overlay-color":"","overlay-gradient":""},"mobile":{"background-color":"var(--ast-global-color-5)","background-image":"","background-repeat":"repeat","background-position":"center center","background-size":"auto","background-attachment":"scroll","background-type":"","background-media":"","overlay-type":"","overlay-color":"","overlay-gradient":""}},"_joinchat":[]},"product_brand":[],"product_cat":[118,120],"product_tag":[],"class_list":{"0":"post-1741","1":"product","2":"type-product","3":"status-publish","4":"has-post-thumbnail","6":"product_cat-guantes","7":"product_cat-medianos-en-cuero","8":"desktop-align-left","9":"tablet-align-left","10":"mobile-align-left","12":"first","13":"instock","14":"taxable","15":"shipping-taxable","16":"purchasable","17":"product-type-simple"},"yoast_head":"<!-- This site is optimized with the Yoast SEO Premium plugin v20.4 (Yoast SEO v27.4) - https:\/\/yoast.com\/product\/yoast-seo-premium-wordpress\/ -->\n<title>Guantes Pulidor M L\u00e1tex en Cuero - La Guanteria<\/title>\n<meta name=\"robots\" content=\"index, follow, max-snippet:-1, max-image-preview:large, max-video-preview:-1\" \/>\n<link rel=\"canonical\" href=\"https:\/\/laguanteria.com\/en_us\/product\/guantes-pulidor-m-latex-en-cuero\/\" \/>\n<meta property=\"og:locale\" content=\"en_US\" \/>\n<meta property=\"og:type\" content=\"article\" \/>\n<meta property=\"og:title\" content=\"Guantes Pulidor M L\u00e1tex en Cuero\" \/>\n<meta property=\"og:description\" content=\"Presentamos los Guantes Pulidor M L\u00e1tex en Cuero de La Guanter\u00eda, esenciales para profesionales que buscan protecci\u00f3n y comodidad excepcionales [&hellip;]\" \/>\n<meta property=\"og:url\" content=\"https:\/\/laguanteria.com\/en_us\/product\/guantes-pulidor-m-latex-en-cuero\/\" \/>\n<meta property=\"og:site_name\" content=\"La Guanteria\" \/>\n<meta property=\"article:publisher\" content=\"https:\/\/www.facebook.com\/laguanteria\" \/>\n<meta property=\"article:modified_time\" content=\"2026-01-15T16:40:54+00:00\" \/>\n<meta property=\"og:image\" content=\"https:\/\/laguanteria.com\/wp-content\/uploads\/2019\/01\/805081-1.jpg\" \/>\n\t<meta property=\"og:image:width\" content=\"1350\" \/>\n\t<meta property=\"og:image:height\" content=\"1350\" \/>\n\t<meta property=\"og:image:type\" content=\"image\/jpeg\" \/>\n<meta name=\"twitter:card\" content=\"summary_large_image\" \/>\n<meta name=\"twitter:label1\" content=\"Est. reading time\" \/>\n\t<meta name=\"twitter:data1\" content=\"1 minute\" \/>\n<script type=\"application\/ld+json\" class=\"yoast-schema-graph\">{\"@context\":\"https:\\\/\\\/schema.org\",\"@graph\":[{\"@type\":\"WebPage\",\"@id\":\"https:\\\/\\\/laguanteria.com\\\/es_es\\\/producto\\\/guantes-pulidor-m-latex-en-cuero\\\/\",\"url\":\"https:\\\/\\\/laguanteria.com\\\/es_es\\\/producto\\\/guantes-pulidor-m-latex-en-cuero\\\/\",\"name\":\"Guantes Pulidor M L\u00e1tex en Cuero - La Guanteria\",\"isPartOf\":{\"@id\":\"https:\\\/\\\/laguanteria.com\\\/es_es\\\/#website\"},\"primaryImageOfPage\":{\"@id\":\"https:\\\/\\\/laguanteria.com\\\/es_es\\\/producto\\\/guantes-pulidor-m-latex-en-cuero\\\/#primaryimage\"},\"image\":{\"@id\":\"https:\\\/\\\/laguanteria.com\\\/es_es\\\/producto\\\/guantes-pulidor-m-latex-en-cuero\\\/#primaryimage\"},\"thumbnailUrl\":\"https:\\\/\\\/laguanteria.com\\\/wp-content\\\/uploads\\\/2019\\\/01\\\/805081-1.jpg\",\"datePublished\":\"2019-01-12T13:26:46+00:00\",\"dateModified\":\"2026-01-15T16:40:54+00:00\",\"breadcrumb\":{\"@id\":\"https:\\\/\\\/laguanteria.com\\\/es_es\\\/producto\\\/guantes-pulidor-m-latex-en-cuero\\\/#breadcrumb\"},\"inLanguage\":\"en-US\",\"potentialAction\":[{\"@type\":\"ReadAction\",\"target\":[\"https:\\\/\\\/laguanteria.com\\\/es_es\\\/producto\\\/guantes-pulidor-m-latex-en-cuero\\\/\"]}]},{\"@type\":\"ImageObject\",\"inLanguage\":\"en-US\",\"@id\":\"https:\\\/\\\/laguanteria.com\\\/es_es\\\/producto\\\/guantes-pulidor-m-latex-en-cuero\\\/#primaryimage\",\"url\":\"https:\\\/\\\/laguanteria.com\\\/wp-content\\\/uploads\\\/2019\\\/01\\\/805081-1.jpg\",\"contentUrl\":\"https:\\\/\\\/laguanteria.com\\\/wp-content\\\/uploads\\\/2019\\\/01\\\/805081-1.jpg\",\"width\":1350,\"height\":1350},{\"@type\":\"BreadcrumbList\",\"@id\":\"https:\\\/\\\/laguanteria.com\\\/es_es\\\/producto\\\/guantes-pulidor-m-latex-en-cuero\\\/#breadcrumb\",\"itemListElement\":[{\"@type\":\"ListItem\",\"position\":1,\"name\":\"Portada\",\"item\":\"https:\\\/\\\/laguanteria.com\\\/es_es\\\/\"},{\"@type\":\"ListItem\",\"position\":2,\"name\":\"Almac\u00e9n\",\"item\":\"https:\\\/\\\/laguanteria.com\\\/en_us\\\/almacen\\\/\"},{\"@type\":\"ListItem\",\"position\":3,\"name\":\"Guantes Pulidor M L\u00e1tex en Cuero\"}]},{\"@type\":\"WebSite\",\"@id\":\"https:\\\/\\\/laguanteria.com\\\/es_es\\\/#website\",\"url\":\"https:\\\/\\\/laguanteria.com\\\/es_es\\\/\",\"name\":\"La Guanteria\",\"description\":\"Protecci\u00f3n en tus manos\",\"publisher\":{\"@id\":\"https:\\\/\\\/laguanteria.com\\\/es_es\\\/#organization\"},\"potentialAction\":[{\"@type\":\"SearchAction\",\"target\":{\"@type\":\"EntryPoint\",\"urlTemplate\":\"https:\\\/\\\/laguanteria.com\\\/es_es\\\/?s={search_term_string}\"},\"query-input\":{\"@type\":\"PropertyValueSpecification\",\"valueRequired\":true,\"valueName\":\"search_term_string\"}}],\"inLanguage\":\"en-US\"},{\"@type\":\"Organization\",\"@id\":\"https:\\\/\\\/laguanteria.com\\\/es_es\\\/#organization\",\"name\":\"La Guanteria\",\"url\":\"https:\\\/\\\/laguanteria.com\\\/es_es\\\/\",\"logo\":{\"@type\":\"ImageObject\",\"inLanguage\":\"en-US\",\"@id\":\"https:\\\/\\\/laguanteria.com\\\/es_es\\\/#\\\/schema\\\/logo\\\/image\\\/\",\"url\":\"http:\\\/\\\/laguanteria.com\\\/wp-content\\\/uploads\\\/2024\\\/03\\\/icon-faded.png\",\"contentUrl\":\"http:\\\/\\\/laguanteria.com\\\/wp-content\\\/uploads\\\/2024\\\/03\\\/icon-faded.png\",\"width\":512,\"height\":512,\"caption\":\"La Guanteria\"},\"image\":{\"@id\":\"https:\\\/\\\/laguanteria.com\\\/es_es\\\/#\\\/schema\\\/logo\\\/image\\\/\"},\"sameAs\":[\"https:\\\/\\\/www.facebook.com\\\/laguanteria\",\"https:\\\/\\\/www.instagram.com\\\/laguanteria\"]}]}<\/script>\n<!-- \/ Yoast SEO Premium plugin. -->","yoast_head_json":{"title":"Guantes Pulidor M L\u00e1tex en Cuero - La Guanteria","robots":{"index":"index","follow":"follow","max-snippet":"max-snippet:-1","max-image-preview":"max-image-preview:large","max-video-preview":"max-video-preview:-1"},"canonical":"https:\/\/laguanteria.com\/en_us\/product\/guantes-pulidor-m-latex-en-cuero\/","og_locale":"en_US","og_type":"article","og_title":"Guantes Pulidor M L\u00e1tex en Cuero","og_description":"Presentamos los Guantes Pulidor M L\u00e1tex en Cuero de La Guanter\u00eda, esenciales para profesionales que buscan protecci\u00f3n y comodidad excepcionales [&hellip;]","og_url":"https:\/\/laguanteria.com\/en_us\/product\/guantes-pulidor-m-latex-en-cuero\/","og_site_name":"La Guanteria","article_publisher":"https:\/\/www.facebook.com\/laguanteria","article_modified_time":"2026-01-15T16:40:54+00:00","og_image":[{"width":1350,"height":1350,"url":"https:\/\/laguanteria.com\/wp-content\/uploads\/2019\/01\/805081-1.jpg","type":"image\/jpeg"}],"twitter_card":"summary_large_image","twitter_misc":{"Est. reading time":"1 minute"},"schema":{"@context":"https:\/\/schema.org","@graph":[{"@type":"WebPage","@id":"https:\/\/laguanteria.com\/es_es\/producto\/guantes-pulidor-m-latex-en-cuero\/","url":"https:\/\/laguanteria.com\/es_es\/producto\/guantes-pulidor-m-latex-en-cuero\/","name":"Guantes Pulidor M L\u00e1tex en Cuero - La Guanteria","isPartOf":{"@id":"https:\/\/laguanteria.com\/es_es\/#website"},"primaryImageOfPage":{"@id":"https:\/\/laguanteria.com\/es_es\/producto\/guantes-pulidor-m-latex-en-cuero\/#primaryimage"},"image":{"@id":"https:\/\/laguanteria.com\/es_es\/producto\/guantes-pulidor-m-latex-en-cuero\/#primaryimage"},"thumbnailUrl":"https:\/\/laguanteria.com\/wp-content\/uploads\/2019\/01\/805081-1.jpg","datePublished":"2019-01-12T13:26:46+00:00","dateModified":"2026-01-15T16:40:54+00:00","breadcrumb":{"@id":"https:\/\/laguanteria.com\/es_es\/producto\/guantes-pulidor-m-latex-en-cuero\/#breadcrumb"},"inLanguage":"en-US","potentialAction":[{"@type":"ReadAction","target":["https:\/\/laguanteria.com\/es_es\/producto\/guantes-pulidor-m-latex-en-cuero\/"]}]},{"@type":"ImageObject","inLanguage":"en-US","@id":"https:\/\/laguanteria.com\/es_es\/producto\/guantes-pulidor-m-latex-en-cuero\/#primaryimage","url":"https:\/\/laguanteria.com\/wp-content\/uploads\/2019\/01\/805081-1.jpg","contentUrl":"https:\/\/laguanteria.com\/wp-content\/uploads\/2019\/01\/805081-1.jpg","width":1350,"height":1350},{"@type":"BreadcrumbList","@id":"https:\/\/laguanteria.com\/es_es\/producto\/guantes-pulidor-m-latex-en-cuero\/#breadcrumb","itemListElement":[{"@type":"ListItem","position":1,"name":"Portada","item":"https:\/\/laguanteria.com\/es_es\/"},{"@type":"ListItem","position":2,"name":"Almac\u00e9n","item":"https:\/\/laguanteria.com\/en_us\/almacen\/"},{"@type":"ListItem","position":3,"name":"Guantes Pulidor M L\u00e1tex en Cuero"}]},{"@type":"WebSite","@id":"https:\/\/laguanteria.com\/es_es\/#website","url":"https:\/\/laguanteria.com\/es_es\/","name":"La Guanteria","description":"Protecci\u00f3n en tus manos","publisher":{"@id":"https:\/\/laguanteria.com\/es_es\/#organization"},"potentialAction":[{"@type":"SearchAction","target":{"@type":"EntryPoint","urlTemplate":"https:\/\/laguanteria.com\/es_es\/?s={search_term_string}"},"query-input":{"@type":"PropertyValueSpecification","valueRequired":true,"valueName":"search_term_string"}}],"inLanguage":"en-US"},{"@type":"Organization","@id":"https:\/\/laguanteria.com\/es_es\/#organization","name":"La Guanteria","url":"https:\/\/laguanteria.com\/es_es\/","logo":{"@type":"ImageObject","inLanguage":"en-US","@id":"https:\/\/laguanteria.com\/es_es\/#\/schema\/logo\/image\/","url":"http:\/\/laguanteria.com\/wp-content\/uploads\/2024\/03\/icon-faded.png","contentUrl":"http:\/\/laguanteria.com\/wp-content\/uploads\/2024\/03\/icon-faded.png","width":512,"height":512,"caption":"La Guanteria"},"image":{"@id":"https:\/\/laguanteria.com\/es_es\/#\/schema\/logo\/image\/"},"sameAs":["https:\/\/www.facebook.com\/laguanteria","https:\/\/www.instagram.com\/laguanteria"]}]}},"_links":{"self":[{"href":"https:\/\/laguanteria.com\/en_us\/wp-json\/wp\/v2\/product\/1741","targetHints":{"allow":["GET"]}}],"collection":[{"href":"https:\/\/laguanteria.com\/en_us\/wp-json\/wp\/v2\/product"}],"about":[{"href":"https:\/\/laguanteria.com\/en_us\/wp-json\/wp\/v2\/types\/product"}],"wp:featuredmedia":[{"embeddable":true,"href":"https:\/\/laguanteria.com\/en_us\/wp-json\/wp\/v2\/media\/25221"}],"wp:attachment":[{"href":"https:\/\/laguanteria.com\/en_us\/wp-json\/wp\/v2\/media?parent=1741"}],"wp:term":[{"taxonomy":"product_brand","embeddable":true,"href":"https:\/\/laguanteria.com\/en_us\/wp-json\/wp\/v2\/product_brand?post=1741"},{"taxonomy":"product_cat","embeddable":true,"href":"https:\/\/laguanteria.com\/en_us\/wp-json\/wp\/v2\/product_cat?post=1741"},{"taxonomy":"product_tag","embeddable":true,"href":"https:\/\/laguanteria.com\/en_us\/wp-json\/wp\/v2\/product_tag?post=1741"}],"curies":[{"name":"wp","href":"https:\/\/api.w.org\/{rel}","templated":true}]}}