{"id":5060,"date":"2019-09-24T07:41:00","date_gmt":"2019-09-24T12:41:00","guid":{"rendered":"https:\/\/laguanteria.com\/sitio\/?post_type=product&#038;p=5060"},"modified":"2026-01-15T11:39:08","modified_gmt":"2026-01-15T16:39:08","slug":"guantes-protector-m-denim-en-cuero","status":"publish","type":"product","link":"http:\/\/laguanteria.com\/es_es\/producto\/guantes-protector-m-denim-en-cuero\/","title":{"rendered":"Guantes Protector M Denim en Cuero"},"content":{"rendered":"<p>Presentamos los extraordinarios Guantes Protector M Denim en Cuero de La Guanter\u00eda. Dise\u00f1ados para el profesional de la construcci\u00f3n, estos guantes ofrecen una protecci\u00f3n inigualable sin sacrificar la comodidad. Su resistente construcci\u00f3n de cuero brinda una barrera confiable contra abrasiones y cortes, mientras que la capa de denim a\u00f1adida aumenta la durabilidad. Su ajuste ergon\u00f3mico y su c\u00f3modo forro garantizan largas horas de uso sin fatiga. \u00a1Eleva tu seguridad y rendimiento con los Guantes Protector M Denim en Cuero de La Guanter\u00eda!<\/p>\n","protected":false},"excerpt":{"rendered":"<p>Presentamos los extraordinarios Guantes Protector M Denim en Cuero de La Guanter\u00eda. Dise\u00f1ados para el profesional de la construcci\u00f3n, estos [&hellip;]<\/p>\n","protected":false},"featured_media":25219,"template":"","meta":{"site-sidebar-layout":"default","site-content-layout":"","ast-site-content-layout":"default","site-content-style":"default","site-sidebar-style":"default","ast-global-header-display":"","ast-banner-title-visibility":"","ast-main-header-display":"","ast-hfb-above-header-display":"","ast-hfb-below-header-display":"","ast-hfb-mobile-header-display":"","site-post-title":"","ast-breadcrumbs-content":"","ast-featured-img":"","footer-sml-layout":"","theme-transparent-header-meta":"default","adv-header-id-meta":"","stick-header-meta":"","header-above-stick-meta":"","header-main-stick-meta":"","header-below-stick-meta":"","astra-migrate-meta-layouts":"set","ast-page-background-enabled":"default","ast-page-background-meta":{"desktop":{"background-color":"var(--ast-global-color-4)","background-image":"","background-repeat":"repeat","background-position":"center center","background-size":"auto","background-attachment":"scroll","background-type":"","background-media":"","overlay-type":"","overlay-color":"","overlay-gradient":""},"tablet":{"background-color":"","background-image":"","background-repeat":"repeat","background-position":"center center","background-size":"auto","background-attachment":"scroll","background-type":"","background-media":"","overlay-type":"","overlay-color":"","overlay-gradient":""},"mobile":{"background-color":"","background-image":"","background-repeat":"repeat","background-position":"center center","background-size":"auto","background-attachment":"scroll","background-type":"","background-media":"","overlay-type":"","overlay-color":"","overlay-gradient":""}},"ast-content-background-meta":{"desktop":{"background-color":"var(--ast-global-color-5)","background-image":"","background-repeat":"repeat","background-position":"center center","background-size":"auto","background-attachment":"scroll","background-type":"","background-media":"","overlay-type":"","overlay-color":"","overlay-gradient":""},"tablet":{"background-color":"var(--ast-global-color-5)","background-image":"","background-repeat":"repeat","background-position":"center center","background-size":"auto","background-attachment":"scroll","background-type":"","background-media":"","overlay-type":"","overlay-color":"","overlay-gradient":""},"mobile":{"background-color":"var(--ast-global-color-5)","background-image":"","background-repeat":"repeat","background-position":"center center","background-size":"auto","background-attachment":"scroll","background-type":"","background-media":"","overlay-type":"","overlay-color":"","overlay-gradient":""}},"_joinchat":[]},"product_brand":[],"product_cat":[118,120],"product_tag":[],"class_list":{"0":"post-5060","1":"product","2":"type-product","3":"status-publish","4":"has-post-thumbnail","6":"product_cat-guantes","7":"product_cat-medianos-en-cuero","8":"desktop-align-left","9":"tablet-align-left","10":"mobile-align-left","12":"first","13":"instock","14":"taxable","15":"shipping-taxable","16":"purchasable","17":"product-type-simple"},"yoast_head":"<!-- This site is optimized with the Yoast SEO Premium plugin v20.4 (Yoast SEO v27.4) - https:\/\/yoast.com\/product\/yoast-seo-premium-wordpress\/ -->\n<title>Guantes Protector M Denim en Cuero - La Guanteria<\/title>\n<meta name=\"robots\" content=\"index, follow, max-snippet:-1, max-image-preview:large, max-video-preview:-1\" \/>\n<link rel=\"canonical\" href=\"https:\/\/laguanteria.com\/es_es\/product\/guantes-protector-m-denim-en-cuero\/\" \/>\n<meta property=\"og:locale\" content=\"es_ES\" \/>\n<meta property=\"og:type\" content=\"article\" \/>\n<meta property=\"og:title\" content=\"Guantes Protector M Denim en Cuero\" \/>\n<meta property=\"og:description\" content=\"Presentamos los extraordinarios Guantes Protector M Denim en Cuero de La Guanter\u00eda. Dise\u00f1ados para el profesional de la construcci\u00f3n, estos [&hellip;]\" \/>\n<meta property=\"og:url\" content=\"https:\/\/laguanteria.com\/es_es\/product\/guantes-protector-m-denim-en-cuero\/\" \/>\n<meta property=\"og:site_name\" content=\"La Guanteria\" \/>\n<meta property=\"article:publisher\" content=\"https:\/\/www.facebook.com\/laguanteria\" \/>\n<meta property=\"article:modified_time\" content=\"2026-01-15T16:39:08+00:00\" \/>\n<meta property=\"og:image\" content=\"https:\/\/laguanteria.com\/wp-content\/uploads\/2019\/09\/805113-1.jpg\" \/>\n\t<meta property=\"og:image:width\" content=\"1080\" \/>\n\t<meta property=\"og:image:height\" content=\"1080\" \/>\n\t<meta property=\"og:image:type\" content=\"image\/jpeg\" \/>\n<meta name=\"twitter:card\" content=\"summary_large_image\" \/>\n<meta name=\"twitter:label1\" content=\"Tiempo de lectura\" \/>\n\t<meta name=\"twitter:data1\" content=\"1 minuto\" \/>\n<script type=\"application\/ld+json\" class=\"yoast-schema-graph\">{\"@context\":\"https:\\\/\\\/schema.org\",\"@graph\":[{\"@type\":\"WebPage\",\"@id\":\"https:\\\/\\\/laguanteria.com\\\/en_us\\\/product\\\/guantes-protector-m-denim-en-cuero\\\/\",\"url\":\"https:\\\/\\\/laguanteria.com\\\/en_us\\\/product\\\/guantes-protector-m-denim-en-cuero\\\/\",\"name\":\"Guantes Protector M Denim en Cuero - La Guanteria\",\"isPartOf\":{\"@id\":\"http:\\\/\\\/laguanteria.com\\\/es_es\\\/#website\"},\"primaryImageOfPage\":{\"@id\":\"https:\\\/\\\/laguanteria.com\\\/en_us\\\/product\\\/guantes-protector-m-denim-en-cuero\\\/#primaryimage\"},\"image\":{\"@id\":\"https:\\\/\\\/laguanteria.com\\\/en_us\\\/product\\\/guantes-protector-m-denim-en-cuero\\\/#primaryimage\"},\"thumbnailUrl\":\"http:\\\/\\\/laguanteria.com\\\/wp-content\\\/uploads\\\/2019\\\/09\\\/805113-1.jpg\",\"datePublished\":\"2019-09-24T12:41:00+00:00\",\"dateModified\":\"2026-01-15T16:39:08+00:00\",\"breadcrumb\":{\"@id\":\"https:\\\/\\\/laguanteria.com\\\/en_us\\\/product\\\/guantes-protector-m-denim-en-cuero\\\/#breadcrumb\"},\"inLanguage\":\"es\",\"potentialAction\":[{\"@type\":\"ReadAction\",\"target\":[\"https:\\\/\\\/laguanteria.com\\\/en_us\\\/product\\\/guantes-protector-m-denim-en-cuero\\\/\"]}]},{\"@type\":\"ImageObject\",\"inLanguage\":\"es\",\"@id\":\"https:\\\/\\\/laguanteria.com\\\/en_us\\\/product\\\/guantes-protector-m-denim-en-cuero\\\/#primaryimage\",\"url\":\"http:\\\/\\\/laguanteria.com\\\/wp-content\\\/uploads\\\/2019\\\/09\\\/805113-1.jpg\",\"contentUrl\":\"http:\\\/\\\/laguanteria.com\\\/wp-content\\\/uploads\\\/2019\\\/09\\\/805113-1.jpg\",\"width\":1080,\"height\":1080},{\"@type\":\"BreadcrumbList\",\"@id\":\"https:\\\/\\\/laguanteria.com\\\/en_us\\\/product\\\/guantes-protector-m-denim-en-cuero\\\/#breadcrumb\",\"itemListElement\":[{\"@type\":\"ListItem\",\"position\":1,\"name\":\"Portada\",\"item\":\"http:\\\/\\\/laguanteria.com\\\/es_es\\\/\"},{\"@type\":\"ListItem\",\"position\":2,\"name\":\"Almac\u00e9n\",\"item\":\"http:\\\/\\\/laguanteria.com\\\/es_es\\\/almacen\\\/\"},{\"@type\":\"ListItem\",\"position\":3,\"name\":\"Guantes Protector M Denim en Cuero\"}]},{\"@type\":\"WebSite\",\"@id\":\"http:\\\/\\\/laguanteria.com\\\/es_es\\\/#website\",\"url\":\"http:\\\/\\\/laguanteria.com\\\/es_es\\\/\",\"name\":\"La Guanteria\",\"description\":\"Protecci\u00f3n en tus manos\",\"publisher\":{\"@id\":\"http:\\\/\\\/laguanteria.com\\\/es_es\\\/#organization\"},\"potentialAction\":[{\"@type\":\"SearchAction\",\"target\":{\"@type\":\"EntryPoint\",\"urlTemplate\":\"http:\\\/\\\/laguanteria.com\\\/es_es\\\/?s={search_term_string}\"},\"query-input\":{\"@type\":\"PropertyValueSpecification\",\"valueRequired\":true,\"valueName\":\"search_term_string\"}}],\"inLanguage\":\"es\"},{\"@type\":\"Organization\",\"@id\":\"http:\\\/\\\/laguanteria.com\\\/es_es\\\/#organization\",\"name\":\"La Guanteria\",\"url\":\"http:\\\/\\\/laguanteria.com\\\/es_es\\\/\",\"logo\":{\"@type\":\"ImageObject\",\"inLanguage\":\"es\",\"@id\":\"http:\\\/\\\/laguanteria.com\\\/es_es\\\/#\\\/schema\\\/logo\\\/image\\\/\",\"url\":\"http:\\\/\\\/laguanteria.com\\\/wp-content\\\/uploads\\\/2024\\\/03\\\/icon-faded.png\",\"contentUrl\":\"http:\\\/\\\/laguanteria.com\\\/wp-content\\\/uploads\\\/2024\\\/03\\\/icon-faded.png\",\"width\":512,\"height\":512,\"caption\":\"La Guanteria\"},\"image\":{\"@id\":\"http:\\\/\\\/laguanteria.com\\\/es_es\\\/#\\\/schema\\\/logo\\\/image\\\/\"},\"sameAs\":[\"https:\\\/\\\/www.facebook.com\\\/laguanteria\",\"https:\\\/\\\/www.instagram.com\\\/laguanteria\"]}]}<\/script>\n<!-- \/ Yoast SEO Premium plugin. -->","yoast_head_json":{"title":"Guantes Protector M Denim en Cuero - La Guanteria","robots":{"index":"index","follow":"follow","max-snippet":"max-snippet:-1","max-image-preview":"max-image-preview:large","max-video-preview":"max-video-preview:-1"},"canonical":"https:\/\/laguanteria.com\/es_es\/product\/guantes-protector-m-denim-en-cuero\/","og_locale":"es_ES","og_type":"article","og_title":"Guantes Protector M Denim en Cuero","og_description":"Presentamos los extraordinarios Guantes Protector M Denim en Cuero de La Guanter\u00eda. Dise\u00f1ados para el profesional de la construcci\u00f3n, estos [&hellip;]","og_url":"https:\/\/laguanteria.com\/es_es\/product\/guantes-protector-m-denim-en-cuero\/","og_site_name":"La Guanteria","article_publisher":"https:\/\/www.facebook.com\/laguanteria","article_modified_time":"2026-01-15T16:39:08+00:00","og_image":[{"width":1080,"height":1080,"url":"https:\/\/laguanteria.com\/wp-content\/uploads\/2019\/09\/805113-1.jpg","type":"image\/jpeg"}],"twitter_card":"summary_large_image","twitter_misc":{"Tiempo de lectura":"1 minuto"},"schema":{"@context":"https:\/\/schema.org","@graph":[{"@type":"WebPage","@id":"https:\/\/laguanteria.com\/en_us\/product\/guantes-protector-m-denim-en-cuero\/","url":"https:\/\/laguanteria.com\/en_us\/product\/guantes-protector-m-denim-en-cuero\/","name":"Guantes Protector M Denim en Cuero - La Guanteria","isPartOf":{"@id":"http:\/\/laguanteria.com\/es_es\/#website"},"primaryImageOfPage":{"@id":"https:\/\/laguanteria.com\/en_us\/product\/guantes-protector-m-denim-en-cuero\/#primaryimage"},"image":{"@id":"https:\/\/laguanteria.com\/en_us\/product\/guantes-protector-m-denim-en-cuero\/#primaryimage"},"thumbnailUrl":"http:\/\/laguanteria.com\/wp-content\/uploads\/2019\/09\/805113-1.jpg","datePublished":"2019-09-24T12:41:00+00:00","dateModified":"2026-01-15T16:39:08+00:00","breadcrumb":{"@id":"https:\/\/laguanteria.com\/en_us\/product\/guantes-protector-m-denim-en-cuero\/#breadcrumb"},"inLanguage":"es","potentialAction":[{"@type":"ReadAction","target":["https:\/\/laguanteria.com\/en_us\/product\/guantes-protector-m-denim-en-cuero\/"]}]},{"@type":"ImageObject","inLanguage":"es","@id":"https:\/\/laguanteria.com\/en_us\/product\/guantes-protector-m-denim-en-cuero\/#primaryimage","url":"http:\/\/laguanteria.com\/wp-content\/uploads\/2019\/09\/805113-1.jpg","contentUrl":"http:\/\/laguanteria.com\/wp-content\/uploads\/2019\/09\/805113-1.jpg","width":1080,"height":1080},{"@type":"BreadcrumbList","@id":"https:\/\/laguanteria.com\/en_us\/product\/guantes-protector-m-denim-en-cuero\/#breadcrumb","itemListElement":[{"@type":"ListItem","position":1,"name":"Portada","item":"http:\/\/laguanteria.com\/es_es\/"},{"@type":"ListItem","position":2,"name":"Almac\u00e9n","item":"http:\/\/laguanteria.com\/es_es\/almacen\/"},{"@type":"ListItem","position":3,"name":"Guantes Protector M Denim en Cuero"}]},{"@type":"WebSite","@id":"http:\/\/laguanteria.com\/es_es\/#website","url":"http:\/\/laguanteria.com\/es_es\/","name":"La Guanteria","description":"Protecci\u00f3n en tus manos","publisher":{"@id":"http:\/\/laguanteria.com\/es_es\/#organization"},"potentialAction":[{"@type":"SearchAction","target":{"@type":"EntryPoint","urlTemplate":"http:\/\/laguanteria.com\/es_es\/?s={search_term_string}"},"query-input":{"@type":"PropertyValueSpecification","valueRequired":true,"valueName":"search_term_string"}}],"inLanguage":"es"},{"@type":"Organization","@id":"http:\/\/laguanteria.com\/es_es\/#organization","name":"La Guanteria","url":"http:\/\/laguanteria.com\/es_es\/","logo":{"@type":"ImageObject","inLanguage":"es","@id":"http:\/\/laguanteria.com\/es_es\/#\/schema\/logo\/image\/","url":"http:\/\/laguanteria.com\/wp-content\/uploads\/2024\/03\/icon-faded.png","contentUrl":"http:\/\/laguanteria.com\/wp-content\/uploads\/2024\/03\/icon-faded.png","width":512,"height":512,"caption":"La Guanteria"},"image":{"@id":"http:\/\/laguanteria.com\/es_es\/#\/schema\/logo\/image\/"},"sameAs":["https:\/\/www.facebook.com\/laguanteria","https:\/\/www.instagram.com\/laguanteria"]}]}},"_links":{"self":[{"href":"http:\/\/laguanteria.com\/es_es\/wp-json\/wp\/v2\/product\/5060","targetHints":{"allow":["GET"]}}],"collection":[{"href":"http:\/\/laguanteria.com\/es_es\/wp-json\/wp\/v2\/product"}],"about":[{"href":"http:\/\/laguanteria.com\/es_es\/wp-json\/wp\/v2\/types\/product"}],"wp:featuredmedia":[{"embeddable":true,"href":"http:\/\/laguanteria.com\/es_es\/wp-json\/wp\/v2\/media\/25219"}],"wp:attachment":[{"href":"http:\/\/laguanteria.com\/es_es\/wp-json\/wp\/v2\/media?parent=5060"}],"wp:term":[{"taxonomy":"product_brand","embeddable":true,"href":"http:\/\/laguanteria.com\/es_es\/wp-json\/wp\/v2\/product_brand?post=5060"},{"taxonomy":"product_cat","embeddable":true,"href":"http:\/\/laguanteria.com\/es_es\/wp-json\/wp\/v2\/product_cat?post=5060"},{"taxonomy":"product_tag","embeddable":true,"href":"http:\/\/laguanteria.com\/es_es\/wp-json\/wp\/v2\/product_tag?post=5060"}],"curies":[{"name":"wp","href":"https:\/\/api.w.org\/{rel}","templated":true}]}}