{"id":25606,"date":"2023-06-16T08:21:47","date_gmt":"2023-06-16T13:21:47","guid":{"rendered":"https:\/\/laguanteria.com\/?post_type=product&#038;p=25606"},"modified":"2025-01-23T13:17:52","modified_gmt":"2025-01-23T18:17:52","slug":"guantes-sosega-acrilico-latex-corrugado-l6501","status":"publish","type":"product","link":"http:\/\/laguanteria.com\/en_us\/product\/guantes-sosega-acrilico-latex-corrugado-l6501\/","title":{"rendered":"Sosega Acrylic Latex Corrugated Gloves L6501"},"content":{"rendered":"<p>The Sosega Acrylic Latex Corrugated Gloves L6501 from La Guanter\u00eda are the perfect solution for construction workers and similar sites. Made from durable acrylic and latex, these gloves offer excellent protection against cold, moisture and abrasions. Their corrugated surface provides exceptional grip, ensuring safe handling of tools and materials. Designed to provide all-day comfort, these gloves are essential for anyone working in demanding conditions.<\/p>","protected":false},"excerpt":{"rendered":"<p>Los Guantes Sosega Acr\u00edlico L\u00e1tex Corrugado L6501 de La Guanter\u00eda son la soluci\u00f3n perfecta para trabajadores de la construcci\u00f3n y [&hellip;]<\/p>","protected":false},"featured_media":25607,"template":"","meta":{"site-sidebar-layout":"default","site-content-layout":"","ast-site-content-layout":"default","site-content-style":"default","site-sidebar-style":"default","ast-global-header-display":"","ast-banner-title-visibility":"","ast-main-header-display":"","ast-hfb-above-header-display":"","ast-hfb-below-header-display":"","ast-hfb-mobile-header-display":"","site-post-title":"","ast-breadcrumbs-content":"","ast-featured-img":"","footer-sml-layout":"","theme-transparent-header-meta":"default","adv-header-id-meta":"","stick-header-meta":"","header-above-stick-meta":"","header-main-stick-meta":"","header-below-stick-meta":"","astra-migrate-meta-layouts":"set","ast-page-background-enabled":"default","ast-page-background-meta":{"desktop":{"background-color":"var(--ast-global-color-4)","background-image":"","background-repeat":"repeat","background-position":"center center","background-size":"auto","background-attachment":"scroll","background-type":"","background-media":"","overlay-type":"","overlay-color":"","overlay-gradient":""},"tablet":{"background-color":"","background-image":"","background-repeat":"repeat","background-position":"center center","background-size":"auto","background-attachment":"scroll","background-type":"","background-media":"","overlay-type":"","overlay-color":"","overlay-gradient":""},"mobile":{"background-color":"","background-image":"","background-repeat":"repeat","background-position":"center center","background-size":"auto","background-attachment":"scroll","background-type":"","background-media":"","overlay-type":"","overlay-color":"","overlay-gradient":""}},"ast-content-background-meta":{"desktop":{"background-color":"var(--ast-global-color-5)","background-image":"","background-repeat":"repeat","background-position":"center center","background-size":"auto","background-attachment":"scroll","background-type":"","background-media":"","overlay-type":"","overlay-color":"","overlay-gradient":""},"tablet":{"background-color":"var(--ast-global-color-5)","background-image":"","background-repeat":"repeat","background-position":"center center","background-size":"auto","background-attachment":"scroll","background-type":"","background-media":"","overlay-type":"","overlay-color":"","overlay-gradient":""},"mobile":{"background-color":"var(--ast-global-color-5)","background-image":"","background-repeat":"repeat","background-position":"center center","background-size":"auto","background-attachment":"scroll","background-type":"","background-media":"","overlay-type":"","overlay-color":"","overlay-gradient":""}},"_joinchat":[]},"product_brand":[],"product_cat":[118,122],"product_tag":[],"class_list":{"0":"post-25606","1":"product","2":"type-product","3":"status-publish","4":"has-post-thumbnail","6":"product_cat-guantes","7":"product_cat-importados","8":"desktop-align-left","9":"tablet-align-left","10":"mobile-align-left","12":"first","13":"instock","14":"taxable","15":"shipping-taxable","16":"purchasable","17":"product-type-simple"},"yoast_head":"<!-- This site is optimized with the Yoast SEO Premium plugin v20.4 (Yoast SEO v27.4) - https:\/\/yoast.com\/product\/yoast-seo-premium-wordpress\/ -->\n<title>Guantes Sosega Acr\u00edlico L\u00e1tex Corrugado L6501 - La Guanteria<\/title>\n<meta name=\"robots\" content=\"index, follow, max-snippet:-1, max-image-preview:large, max-video-preview:-1\" \/>\n<link rel=\"canonical\" href=\"https:\/\/laguanteria.com\/en_us\/product\/guantes-sosega-acrilico-latex-corrugado-l6501\/\" \/>\n<meta property=\"og:locale\" content=\"en_US\" \/>\n<meta property=\"og:type\" content=\"article\" \/>\n<meta property=\"og:title\" content=\"Guantes Sosega Acr\u00edlico L\u00e1tex Corrugado L6501\" \/>\n<meta property=\"og:description\" content=\"Los Guantes Sosega Acr\u00edlico L\u00e1tex Corrugado L6501 de La Guanter\u00eda son la soluci\u00f3n perfecta para trabajadores de la construcci\u00f3n y [&hellip;]\" \/>\n<meta property=\"og:url\" content=\"https:\/\/laguanteria.com\/en_us\/product\/guantes-sosega-acrilico-latex-corrugado-l6501\/\" \/>\n<meta property=\"og:site_name\" content=\"La Guanteria\" \/>\n<meta property=\"article:publisher\" content=\"https:\/\/www.facebook.com\/laguanteria\" \/>\n<meta property=\"article:modified_time\" content=\"2025-01-23T18:17:52+00:00\" \/>\n<meta property=\"og:image\" content=\"https:\/\/laguanteria.com\/wp-content\/uploads\/2023\/06\/406372b.jpg\" \/>\n\t<meta property=\"og:image:width\" content=\"640\" \/>\n\t<meta property=\"og:image:height\" content=\"640\" \/>\n\t<meta property=\"og:image:type\" content=\"image\/jpeg\" \/>\n<meta name=\"twitter:card\" content=\"summary_large_image\" \/>\n<meta name=\"twitter:label1\" content=\"Est. reading time\" \/>\n\t<meta name=\"twitter:data1\" content=\"1 minute\" \/>\n<script type=\"application\/ld+json\" class=\"yoast-schema-graph\">{\"@context\":\"https:\\\/\\\/schema.org\",\"@graph\":[{\"@type\":\"WebPage\",\"@id\":\"https:\\\/\\\/laguanteria.com\\\/es_es\\\/producto\\\/guantes-sosega-acrilico-latex-corrugado-l6501\\\/\",\"url\":\"https:\\\/\\\/laguanteria.com\\\/es_es\\\/producto\\\/guantes-sosega-acrilico-latex-corrugado-l6501\\\/\",\"name\":\"Guantes Sosega Acr\u00edlico L\u00e1tex Corrugado L6501 - La Guanteria\",\"isPartOf\":{\"@id\":\"http:\\\/\\\/laguanteria.com\\\/es_es\\\/#website\"},\"primaryImageOfPage\":{\"@id\":\"https:\\\/\\\/laguanteria.com\\\/es_es\\\/producto\\\/guantes-sosega-acrilico-latex-corrugado-l6501\\\/#primaryimage\"},\"image\":{\"@id\":\"https:\\\/\\\/laguanteria.com\\\/es_es\\\/producto\\\/guantes-sosega-acrilico-latex-corrugado-l6501\\\/#primaryimage\"},\"thumbnailUrl\":\"http:\\\/\\\/laguanteria.com\\\/wp-content\\\/uploads\\\/2023\\\/06\\\/406372b.jpg\",\"datePublished\":\"2023-06-16T13:21:47+00:00\",\"dateModified\":\"2025-01-23T18:17:52+00:00\",\"breadcrumb\":{\"@id\":\"https:\\\/\\\/laguanteria.com\\\/es_es\\\/producto\\\/guantes-sosega-acrilico-latex-corrugado-l6501\\\/#breadcrumb\"},\"inLanguage\":\"en-US\",\"potentialAction\":[{\"@type\":\"ReadAction\",\"target\":[\"https:\\\/\\\/laguanteria.com\\\/es_es\\\/producto\\\/guantes-sosega-acrilico-latex-corrugado-l6501\\\/\"]}]},{\"@type\":\"ImageObject\",\"inLanguage\":\"en-US\",\"@id\":\"https:\\\/\\\/laguanteria.com\\\/es_es\\\/producto\\\/guantes-sosega-acrilico-latex-corrugado-l6501\\\/#primaryimage\",\"url\":\"http:\\\/\\\/laguanteria.com\\\/wp-content\\\/uploads\\\/2023\\\/06\\\/406372b.jpg\",\"contentUrl\":\"http:\\\/\\\/laguanteria.com\\\/wp-content\\\/uploads\\\/2023\\\/06\\\/406372b.jpg\",\"width\":640,\"height\":640},{\"@type\":\"BreadcrumbList\",\"@id\":\"https:\\\/\\\/laguanteria.com\\\/es_es\\\/producto\\\/guantes-sosega-acrilico-latex-corrugado-l6501\\\/#breadcrumb\",\"itemListElement\":[{\"@type\":\"ListItem\",\"position\":1,\"name\":\"Portada\",\"item\":\"http:\\\/\\\/laguanteria.com\\\/es_es\\\/\"},{\"@type\":\"ListItem\",\"position\":2,\"name\":\"Almac\u00e9n\",\"item\":\"http:\\\/\\\/laguanteria.com\\\/es_es\\\/almacen\\\/\"},{\"@type\":\"ListItem\",\"position\":3,\"name\":\"Guantes Sosega Acr\u00edlico L\u00e1tex Corrugado L6501\"}]},{\"@type\":\"WebSite\",\"@id\":\"http:\\\/\\\/laguanteria.com\\\/es_es\\\/#website\",\"url\":\"http:\\\/\\\/laguanteria.com\\\/es_es\\\/\",\"name\":\"La Guanteria\",\"description\":\"Protecci\u00f3n en tus manos\",\"publisher\":{\"@id\":\"http:\\\/\\\/laguanteria.com\\\/es_es\\\/#organization\"},\"potentialAction\":[{\"@type\":\"SearchAction\",\"target\":{\"@type\":\"EntryPoint\",\"urlTemplate\":\"http:\\\/\\\/laguanteria.com\\\/es_es\\\/?s={search_term_string}\"},\"query-input\":{\"@type\":\"PropertyValueSpecification\",\"valueRequired\":true,\"valueName\":\"search_term_string\"}}],\"inLanguage\":\"en-US\"},{\"@type\":\"Organization\",\"@id\":\"http:\\\/\\\/laguanteria.com\\\/es_es\\\/#organization\",\"name\":\"La Guanteria\",\"url\":\"http:\\\/\\\/laguanteria.com\\\/es_es\\\/\",\"logo\":{\"@type\":\"ImageObject\",\"inLanguage\":\"en-US\",\"@id\":\"http:\\\/\\\/laguanteria.com\\\/es_es\\\/#\\\/schema\\\/logo\\\/image\\\/\",\"url\":\"http:\\\/\\\/laguanteria.com\\\/wp-content\\\/uploads\\\/2024\\\/03\\\/icon-faded.png\",\"contentUrl\":\"http:\\\/\\\/laguanteria.com\\\/wp-content\\\/uploads\\\/2024\\\/03\\\/icon-faded.png\",\"width\":512,\"height\":512,\"caption\":\"La Guanteria\"},\"image\":{\"@id\":\"http:\\\/\\\/laguanteria.com\\\/es_es\\\/#\\\/schema\\\/logo\\\/image\\\/\"},\"sameAs\":[\"https:\\\/\\\/www.facebook.com\\\/laguanteria\",\"https:\\\/\\\/www.instagram.com\\\/laguanteria\"]}]}<\/script>\n<!-- \/ Yoast SEO Premium plugin. -->","yoast_head_json":{"title":"Guantes Sosega Acr\u00edlico L\u00e1tex Corrugado L6501 - La Guanteria","robots":{"index":"index","follow":"follow","max-snippet":"max-snippet:-1","max-image-preview":"max-image-preview:large","max-video-preview":"max-video-preview:-1"},"canonical":"https:\/\/laguanteria.com\/en_us\/product\/guantes-sosega-acrilico-latex-corrugado-l6501\/","og_locale":"en_US","og_type":"article","og_title":"Guantes Sosega Acr\u00edlico L\u00e1tex Corrugado L6501","og_description":"Los Guantes Sosega Acr\u00edlico L\u00e1tex Corrugado L6501 de La Guanter\u00eda son la soluci\u00f3n perfecta para trabajadores de la construcci\u00f3n y [&hellip;]","og_url":"https:\/\/laguanteria.com\/en_us\/product\/guantes-sosega-acrilico-latex-corrugado-l6501\/","og_site_name":"La Guanteria","article_publisher":"https:\/\/www.facebook.com\/laguanteria","article_modified_time":"2025-01-23T18:17:52+00:00","og_image":[{"width":640,"height":640,"url":"https:\/\/laguanteria.com\/wp-content\/uploads\/2023\/06\/406372b.jpg","type":"image\/jpeg"}],"twitter_card":"summary_large_image","twitter_misc":{"Est. reading time":"1 minute"},"schema":{"@context":"https:\/\/schema.org","@graph":[{"@type":"WebPage","@id":"https:\/\/laguanteria.com\/es_es\/producto\/guantes-sosega-acrilico-latex-corrugado-l6501\/","url":"https:\/\/laguanteria.com\/es_es\/producto\/guantes-sosega-acrilico-latex-corrugado-l6501\/","name":"Guantes Sosega Acr\u00edlico L\u00e1tex Corrugado L6501 - La Guanteria","isPartOf":{"@id":"http:\/\/laguanteria.com\/es_es\/#website"},"primaryImageOfPage":{"@id":"https:\/\/laguanteria.com\/es_es\/producto\/guantes-sosega-acrilico-latex-corrugado-l6501\/#primaryimage"},"image":{"@id":"https:\/\/laguanteria.com\/es_es\/producto\/guantes-sosega-acrilico-latex-corrugado-l6501\/#primaryimage"},"thumbnailUrl":"http:\/\/laguanteria.com\/wp-content\/uploads\/2023\/06\/406372b.jpg","datePublished":"2023-06-16T13:21:47+00:00","dateModified":"2025-01-23T18:17:52+00:00","breadcrumb":{"@id":"https:\/\/laguanteria.com\/es_es\/producto\/guantes-sosega-acrilico-latex-corrugado-l6501\/#breadcrumb"},"inLanguage":"en-US","potentialAction":[{"@type":"ReadAction","target":["https:\/\/laguanteria.com\/es_es\/producto\/guantes-sosega-acrilico-latex-corrugado-l6501\/"]}]},{"@type":"ImageObject","inLanguage":"en-US","@id":"https:\/\/laguanteria.com\/es_es\/producto\/guantes-sosega-acrilico-latex-corrugado-l6501\/#primaryimage","url":"http:\/\/laguanteria.com\/wp-content\/uploads\/2023\/06\/406372b.jpg","contentUrl":"http:\/\/laguanteria.com\/wp-content\/uploads\/2023\/06\/406372b.jpg","width":640,"height":640},{"@type":"BreadcrumbList","@id":"https:\/\/laguanteria.com\/es_es\/producto\/guantes-sosega-acrilico-latex-corrugado-l6501\/#breadcrumb","itemListElement":[{"@type":"ListItem","position":1,"name":"Portada","item":"http:\/\/laguanteria.com\/es_es\/"},{"@type":"ListItem","position":2,"name":"Almac\u00e9n","item":"http:\/\/laguanteria.com\/es_es\/almacen\/"},{"@type":"ListItem","position":3,"name":"Guantes Sosega Acr\u00edlico L\u00e1tex Corrugado L6501"}]},{"@type":"WebSite","@id":"http:\/\/laguanteria.com\/es_es\/#website","url":"http:\/\/laguanteria.com\/es_es\/","name":"La Guanteria","description":"Protecci\u00f3n en tus manos","publisher":{"@id":"http:\/\/laguanteria.com\/es_es\/#organization"},"potentialAction":[{"@type":"SearchAction","target":{"@type":"EntryPoint","urlTemplate":"http:\/\/laguanteria.com\/es_es\/?s={search_term_string}"},"query-input":{"@type":"PropertyValueSpecification","valueRequired":true,"valueName":"search_term_string"}}],"inLanguage":"en-US"},{"@type":"Organization","@id":"http:\/\/laguanteria.com\/es_es\/#organization","name":"La Guanteria","url":"http:\/\/laguanteria.com\/es_es\/","logo":{"@type":"ImageObject","inLanguage":"en-US","@id":"http:\/\/laguanteria.com\/es_es\/#\/schema\/logo\/image\/","url":"http:\/\/laguanteria.com\/wp-content\/uploads\/2024\/03\/icon-faded.png","contentUrl":"http:\/\/laguanteria.com\/wp-content\/uploads\/2024\/03\/icon-faded.png","width":512,"height":512,"caption":"La Guanteria"},"image":{"@id":"http:\/\/laguanteria.com\/es_es\/#\/schema\/logo\/image\/"},"sameAs":["https:\/\/www.facebook.com\/laguanteria","https:\/\/www.instagram.com\/laguanteria"]}]}},"_links":{"self":[{"href":"http:\/\/laguanteria.com\/en_us\/wp-json\/wp\/v2\/product\/25606","targetHints":{"allow":["GET"]}}],"collection":[{"href":"http:\/\/laguanteria.com\/en_us\/wp-json\/wp\/v2\/product"}],"about":[{"href":"http:\/\/laguanteria.com\/en_us\/wp-json\/wp\/v2\/types\/product"}],"wp:featuredmedia":[{"embeddable":true,"href":"http:\/\/laguanteria.com\/en_us\/wp-json\/wp\/v2\/media\/25607"}],"wp:attachment":[{"href":"http:\/\/laguanteria.com\/en_us\/wp-json\/wp\/v2\/media?parent=25606"}],"wp:term":[{"taxonomy":"product_brand","embeddable":true,"href":"http:\/\/laguanteria.com\/en_us\/wp-json\/wp\/v2\/product_brand?post=25606"},{"taxonomy":"product_cat","embeddable":true,"href":"http:\/\/laguanteria.com\/en_us\/wp-json\/wp\/v2\/product_cat?post=25606"},{"taxonomy":"product_tag","embeddable":true,"href":"http:\/\/laguanteria.com\/en_us\/wp-json\/wp\/v2\/product_tag?post=25606"}],"curies":[{"name":"wp","href":"https:\/\/api.w.org\/{rel}","templated":true}]}}