{"id":25504,"date":"2021-09-08T08:40:06","date_gmt":"2021-09-08T13:40:06","guid":{"rendered":"https:\/\/laguanteria.com\/?post_type=product&#038;p=25504"},"modified":"2024-04-15T15:44:27","modified_gmt":"2024-04-15T20:44:27","slug":"capa-impermeable-en-pvc","status":"publish","type":"product","link":"http:\/\/laguanteria.com\/en_us\/product\/capa-impermeable-en-pvc\/","title":{"rendered":"PVC waterproof layer"},"content":{"rendered":"<p>The La Guanter\u00eda PVC Raincoat is designed to protect workers from heavy rain and splashes on construction sites and similar environments. Made from durable, waterproof PVC, this coat features taped seams and an adjustable hood to provide optimal protection from water and wind. Its comfortable, roomy design allows freedom of movement, while its eye-catching color improves visibility for added safety on the job site.<\/p>","protected":false},"excerpt":{"rendered":"<p>La Capa Impermeable en PVC de La Guanter\u00eda est\u00e1 dise\u00f1ada para proteger a los trabajadores de la lluvia intensa y [&hellip;]<\/p>","protected":false},"featured_media":25505,"template":"","meta":{"site-sidebar-layout":"default","site-content-layout":"","ast-site-content-layout":"","site-content-style":"default","site-sidebar-style":"default","ast-global-header-display":"","ast-banner-title-visibility":"","ast-main-header-display":"","ast-hfb-above-header-display":"","ast-hfb-below-header-display":"","ast-hfb-mobile-header-display":"","site-post-title":"","ast-breadcrumbs-content":"","ast-featured-img":"","footer-sml-layout":"","theme-transparent-header-meta":"","adv-header-id-meta":"","stick-header-meta":"","header-above-stick-meta":"","header-main-stick-meta":"","header-below-stick-meta":"","astra-migrate-meta-layouts":"default","ast-page-background-enabled":"default","ast-page-background-meta":{"desktop":{"background-color":"var(--ast-global-color-4)","background-image":"","background-repeat":"repeat","background-position":"center center","background-size":"auto","background-attachment":"scroll","background-type":"","background-media":"","overlay-type":"","overlay-color":"","overlay-gradient":""},"tablet":{"background-color":"","background-image":"","background-repeat":"repeat","background-position":"center center","background-size":"auto","background-attachment":"scroll","background-type":"","background-media":"","overlay-type":"","overlay-color":"","overlay-gradient":""},"mobile":{"background-color":"","background-image":"","background-repeat":"repeat","background-position":"center center","background-size":"auto","background-attachment":"scroll","background-type":"","background-media":"","overlay-type":"","overlay-color":"","overlay-gradient":""}},"ast-content-background-meta":{"desktop":{"background-color":"var(--ast-global-color-5)","background-image":"","background-repeat":"repeat","background-position":"center center","background-size":"auto","background-attachment":"scroll","background-type":"","background-media":"","overlay-type":"","overlay-color":"","overlay-gradient":""},"tablet":{"background-color":"var(--ast-global-color-5)","background-image":"","background-repeat":"repeat","background-position":"center center","background-size":"auto","background-attachment":"scroll","background-type":"","background-media":"","overlay-type":"","overlay-color":"","overlay-gradient":""},"mobile":{"background-color":"var(--ast-global-color-5)","background-image":"","background-repeat":"repeat","background-position":"center center","background-size":"auto","background-attachment":"scroll","background-type":"","background-media":"","overlay-type":"","overlay-color":"","overlay-gradient":""}},"_joinchat":[]},"product_brand":[],"product_cat":[152,130],"product_tag":[],"class_list":{"0":"post-25504","1":"product","2":"type-product","3":"status-publish","4":"has-post-thumbnail","6":"product_cat-trajes","7":"product_cat-vestuario","8":"desktop-align-left","9":"tablet-align-left","10":"mobile-align-left","12":"first","13":"instock","14":"taxable","15":"shipping-taxable","16":"product-type-simple"},"yoast_head":"<!-- This site is optimized with the Yoast SEO Premium plugin v20.4 (Yoast SEO v27.4) - https:\/\/yoast.com\/product\/yoast-seo-premium-wordpress\/ -->\n<title>Capa Impermeable en PVC - La Guanteria<\/title>\n<meta name=\"robots\" content=\"index, follow, max-snippet:-1, max-image-preview:large, max-video-preview:-1\" \/>\n<link rel=\"canonical\" href=\"http:\/\/laguanteria.com\/en_us\/product\/capa-impermeable-en-pvc\/\" \/>\n<meta property=\"og:locale\" content=\"en_US\" \/>\n<meta property=\"og:type\" content=\"article\" \/>\n<meta property=\"og:title\" content=\"Capa Impermeable en PVC\" \/>\n<meta property=\"og:description\" content=\"La Capa Impermeable en PVC de La Guanter\u00eda est\u00e1 dise\u00f1ada para proteger a los trabajadores de la lluvia intensa y [&hellip;]\" \/>\n<meta property=\"og:url\" content=\"http:\/\/laguanteria.com\/en_us\/product\/capa-impermeable-en-pvc\/\" \/>\n<meta property=\"og:site_name\" content=\"La Guanteria\" \/>\n<meta property=\"article:publisher\" content=\"https:\/\/www.facebook.com\/laguanteria\" \/>\n<meta property=\"article:modified_time\" content=\"2024-04-15T20:44:27+00:00\" \/>\n<meta property=\"og:image\" content=\"http:\/\/laguanteria.com\/wp-content\/uploads\/2021\/09\/405028b.jpg\" \/>\n\t<meta property=\"og:image:width\" content=\"640\" \/>\n\t<meta property=\"og:image:height\" content=\"640\" \/>\n\t<meta property=\"og:image:type\" content=\"image\/jpeg\" \/>\n<meta name=\"twitter:card\" content=\"summary_large_image\" \/>\n<script type=\"application\/ld+json\" class=\"yoast-schema-graph\">{\"@context\":\"https:\\\/\\\/schema.org\",\"@graph\":[{\"@type\":\"WebPage\",\"@id\":\"http:\\\/\\\/laguanteria.com\\\/en_us\\\/product\\\/capa-impermeable-en-pvc\\\/\",\"url\":\"http:\\\/\\\/laguanteria.com\\\/en_us\\\/product\\\/capa-impermeable-en-pvc\\\/\",\"name\":\"Capa Impermeable en PVC - La Guanteria\",\"isPartOf\":{\"@id\":\"http:\\\/\\\/laguanteria.com\\\/en_us\\\/#website\"},\"primaryImageOfPage\":{\"@id\":\"http:\\\/\\\/laguanteria.com\\\/en_us\\\/product\\\/capa-impermeable-en-pvc\\\/#primaryimage\"},\"image\":{\"@id\":\"http:\\\/\\\/laguanteria.com\\\/en_us\\\/product\\\/capa-impermeable-en-pvc\\\/#primaryimage\"},\"thumbnailUrl\":\"http:\\\/\\\/laguanteria.com\\\/wp-content\\\/uploads\\\/2021\\\/09\\\/405028b.jpg\",\"datePublished\":\"2021-09-08T13:40:06+00:00\",\"dateModified\":\"2024-04-15T20:44:27+00:00\",\"breadcrumb\":{\"@id\":\"http:\\\/\\\/laguanteria.com\\\/en_us\\\/product\\\/capa-impermeable-en-pvc\\\/#breadcrumb\"},\"inLanguage\":\"en-US\",\"potentialAction\":[{\"@type\":\"ReadAction\",\"target\":[\"http:\\\/\\\/laguanteria.com\\\/en_us\\\/product\\\/capa-impermeable-en-pvc\\\/\"]}]},{\"@type\":\"ImageObject\",\"inLanguage\":\"en-US\",\"@id\":\"http:\\\/\\\/laguanteria.com\\\/en_us\\\/product\\\/capa-impermeable-en-pvc\\\/#primaryimage\",\"url\":\"http:\\\/\\\/laguanteria.com\\\/wp-content\\\/uploads\\\/2021\\\/09\\\/405028b.jpg\",\"contentUrl\":\"http:\\\/\\\/laguanteria.com\\\/wp-content\\\/uploads\\\/2021\\\/09\\\/405028b.jpg\",\"width\":640,\"height\":640},{\"@type\":\"BreadcrumbList\",\"@id\":\"http:\\\/\\\/laguanteria.com\\\/en_us\\\/product\\\/capa-impermeable-en-pvc\\\/#breadcrumb\",\"itemListElement\":[{\"@type\":\"ListItem\",\"position\":1,\"name\":\"Portada\",\"item\":\"http:\\\/\\\/laguanteria.com\\\/en_us\\\/\"},{\"@type\":\"ListItem\",\"position\":2,\"name\":\"Almac\u00e9n\",\"item\":\"http:\\\/\\\/laguanteria.com\\\/en_us\\\/almacen\\\/\"},{\"@type\":\"ListItem\",\"position\":3,\"name\":\"Capa Impermeable en PVC\"}]},{\"@type\":\"WebSite\",\"@id\":\"http:\\\/\\\/laguanteria.com\\\/en_us\\\/#website\",\"url\":\"http:\\\/\\\/laguanteria.com\\\/en_us\\\/\",\"name\":\"La Guanteria\",\"description\":\"Protecci\u00f3n en tus manos\",\"publisher\":{\"@id\":\"http:\\\/\\\/laguanteria.com\\\/en_us\\\/#organization\"},\"potentialAction\":[{\"@type\":\"SearchAction\",\"target\":{\"@type\":\"EntryPoint\",\"urlTemplate\":\"http:\\\/\\\/laguanteria.com\\\/en_us\\\/?s={search_term_string}\"},\"query-input\":{\"@type\":\"PropertyValueSpecification\",\"valueRequired\":true,\"valueName\":\"search_term_string\"}}],\"inLanguage\":\"en-US\"},{\"@type\":\"Organization\",\"@id\":\"http:\\\/\\\/laguanteria.com\\\/en_us\\\/#organization\",\"name\":\"La Guanteria\",\"url\":\"http:\\\/\\\/laguanteria.com\\\/en_us\\\/\",\"logo\":{\"@type\":\"ImageObject\",\"inLanguage\":\"en-US\",\"@id\":\"http:\\\/\\\/laguanteria.com\\\/en_us\\\/#\\\/schema\\\/logo\\\/image\\\/\",\"url\":\"http:\\\/\\\/laguanteria.com\\\/wp-content\\\/uploads\\\/2024\\\/03\\\/icon-faded.png\",\"contentUrl\":\"http:\\\/\\\/laguanteria.com\\\/wp-content\\\/uploads\\\/2024\\\/03\\\/icon-faded.png\",\"width\":512,\"height\":512,\"caption\":\"La Guanteria\"},\"image\":{\"@id\":\"http:\\\/\\\/laguanteria.com\\\/en_us\\\/#\\\/schema\\\/logo\\\/image\\\/\"},\"sameAs\":[\"https:\\\/\\\/www.facebook.com\\\/laguanteria\",\"https:\\\/\\\/www.instagram.com\\\/laguanteria\"]}]}<\/script>\n<!-- \/ Yoast SEO Premium plugin. -->","yoast_head_json":{"title":"Capa Impermeable en PVC - La Guanteria","robots":{"index":"index","follow":"follow","max-snippet":"max-snippet:-1","max-image-preview":"max-image-preview:large","max-video-preview":"max-video-preview:-1"},"canonical":"http:\/\/laguanteria.com\/en_us\/product\/capa-impermeable-en-pvc\/","og_locale":"en_US","og_type":"article","og_title":"Capa Impermeable en PVC","og_description":"La Capa Impermeable en PVC de La Guanter\u00eda est\u00e1 dise\u00f1ada para proteger a los trabajadores de la lluvia intensa y [&hellip;]","og_url":"http:\/\/laguanteria.com\/en_us\/product\/capa-impermeable-en-pvc\/","og_site_name":"La Guanteria","article_publisher":"https:\/\/www.facebook.com\/laguanteria","article_modified_time":"2024-04-15T20:44:27+00:00","og_image":[{"width":640,"height":640,"url":"http:\/\/laguanteria.com\/wp-content\/uploads\/2021\/09\/405028b.jpg","type":"image\/jpeg"}],"twitter_card":"summary_large_image","schema":{"@context":"https:\/\/schema.org","@graph":[{"@type":"WebPage","@id":"http:\/\/laguanteria.com\/en_us\/product\/capa-impermeable-en-pvc\/","url":"http:\/\/laguanteria.com\/en_us\/product\/capa-impermeable-en-pvc\/","name":"Capa Impermeable en PVC - La Guanteria","isPartOf":{"@id":"http:\/\/laguanteria.com\/en_us\/#website"},"primaryImageOfPage":{"@id":"http:\/\/laguanteria.com\/en_us\/product\/capa-impermeable-en-pvc\/#primaryimage"},"image":{"@id":"http:\/\/laguanteria.com\/en_us\/product\/capa-impermeable-en-pvc\/#primaryimage"},"thumbnailUrl":"http:\/\/laguanteria.com\/wp-content\/uploads\/2021\/09\/405028b.jpg","datePublished":"2021-09-08T13:40:06+00:00","dateModified":"2024-04-15T20:44:27+00:00","breadcrumb":{"@id":"http:\/\/laguanteria.com\/en_us\/product\/capa-impermeable-en-pvc\/#breadcrumb"},"inLanguage":"en-US","potentialAction":[{"@type":"ReadAction","target":["http:\/\/laguanteria.com\/en_us\/product\/capa-impermeable-en-pvc\/"]}]},{"@type":"ImageObject","inLanguage":"en-US","@id":"http:\/\/laguanteria.com\/en_us\/product\/capa-impermeable-en-pvc\/#primaryimage","url":"http:\/\/laguanteria.com\/wp-content\/uploads\/2021\/09\/405028b.jpg","contentUrl":"http:\/\/laguanteria.com\/wp-content\/uploads\/2021\/09\/405028b.jpg","width":640,"height":640},{"@type":"BreadcrumbList","@id":"http:\/\/laguanteria.com\/en_us\/product\/capa-impermeable-en-pvc\/#breadcrumb","itemListElement":[{"@type":"ListItem","position":1,"name":"Portada","item":"http:\/\/laguanteria.com\/en_us\/"},{"@type":"ListItem","position":2,"name":"Almac\u00e9n","item":"http:\/\/laguanteria.com\/en_us\/almacen\/"},{"@type":"ListItem","position":3,"name":"Capa Impermeable en PVC"}]},{"@type":"WebSite","@id":"http:\/\/laguanteria.com\/en_us\/#website","url":"http:\/\/laguanteria.com\/en_us\/","name":"La Guanteria","description":"Protecci\u00f3n en tus manos","publisher":{"@id":"http:\/\/laguanteria.com\/en_us\/#organization"},"potentialAction":[{"@type":"SearchAction","target":{"@type":"EntryPoint","urlTemplate":"http:\/\/laguanteria.com\/en_us\/?s={search_term_string}"},"query-input":{"@type":"PropertyValueSpecification","valueRequired":true,"valueName":"search_term_string"}}],"inLanguage":"en-US"},{"@type":"Organization","@id":"http:\/\/laguanteria.com\/en_us\/#organization","name":"La Guanteria","url":"http:\/\/laguanteria.com\/en_us\/","logo":{"@type":"ImageObject","inLanguage":"en-US","@id":"http:\/\/laguanteria.com\/en_us\/#\/schema\/logo\/image\/","url":"http:\/\/laguanteria.com\/wp-content\/uploads\/2024\/03\/icon-faded.png","contentUrl":"http:\/\/laguanteria.com\/wp-content\/uploads\/2024\/03\/icon-faded.png","width":512,"height":512,"caption":"La Guanteria"},"image":{"@id":"http:\/\/laguanteria.com\/en_us\/#\/schema\/logo\/image\/"},"sameAs":["https:\/\/www.facebook.com\/laguanteria","https:\/\/www.instagram.com\/laguanteria"]}]}},"_links":{"self":[{"href":"http:\/\/laguanteria.com\/en_us\/wp-json\/wp\/v2\/product\/25504","targetHints":{"allow":["GET"]}}],"collection":[{"href":"http:\/\/laguanteria.com\/en_us\/wp-json\/wp\/v2\/product"}],"about":[{"href":"http:\/\/laguanteria.com\/en_us\/wp-json\/wp\/v2\/types\/product"}],"wp:featuredmedia":[{"embeddable":true,"href":"http:\/\/laguanteria.com\/en_us\/wp-json\/wp\/v2\/media\/25505"}],"wp:attachment":[{"href":"http:\/\/laguanteria.com\/en_us\/wp-json\/wp\/v2\/media?parent=25504"}],"wp:term":[{"taxonomy":"product_brand","embeddable":true,"href":"http:\/\/laguanteria.com\/en_us\/wp-json\/wp\/v2\/product_brand?post=25504"},{"taxonomy":"product_cat","embeddable":true,"href":"http:\/\/laguanteria.com\/en_us\/wp-json\/wp\/v2\/product_cat?post=25504"},{"taxonomy":"product_tag","embeddable":true,"href":"http:\/\/laguanteria.com\/en_us\/wp-json\/wp\/v2\/product_tag?post=25504"}],"curies":[{"name":"wp","href":"https:\/\/api.w.org\/{rel}","templated":true}]}}