{"id":2446,"date":"2019-03-20T20:47:20","date_gmt":"2019-03-21T01:47:20","guid":{"rendered":"https:\/\/laguanteria.com\/sitio\/?post_type=product&#038;p=2446"},"modified":"2024-04-15T16:02:45","modified_gmt":"2024-04-15T21:02:45","slug":"botas-plasticas-cana-alta-p-seg-guerrera","status":"publish","type":"product","link":"http:\/\/laguanteria.com\/en_us\/product\/botas-plasticas-cana-alta-p-seg-guerrera\/","title":{"rendered":"High-top plastic boots for warriors"},"content":{"rendered":"<p>Introducing La Guanter\u00eda&#039;s Guerrera High-Top Plastic Security Boots, designed to provide unmatched protection and comfort in rigorous work environments. These boots feature durable plastic materials, a high top for extra support, and a slip-resistant sole to ensure stability. Its padded foam interior offers all-day comfort, while its rugged design ensures a long lifespan. Stay safe and productive on any jobsite with La Guanter\u00eda&#039;s Guerrera High-Top Plastic Security Boots.<\/p>","protected":false},"excerpt":{"rendered":"<p>Presentamos las Botas Pl\u00e1sticas Ca\u00f1a Alta P\/Seg Guerrera de La Guanter\u00eda, dise\u00f1adas para brindar protecci\u00f3n y comodidad inigualables en entornos [&hellip;]<\/p>","protected":false},"featured_media":2447,"template":"","meta":{"site-sidebar-layout":"default","site-content-layout":"","ast-site-content-layout":"","site-content-style":"default","site-sidebar-style":"default","ast-global-header-display":"","ast-banner-title-visibility":"","ast-main-header-display":"","ast-hfb-above-header-display":"","ast-hfb-below-header-display":"","ast-hfb-mobile-header-display":"","site-post-title":"","ast-breadcrumbs-content":"","ast-featured-img":"","footer-sml-layout":"","theme-transparent-header-meta":"","adv-header-id-meta":"","stick-header-meta":"","header-above-stick-meta":"","header-main-stick-meta":"","header-below-stick-meta":"","astra-migrate-meta-layouts":"default","ast-page-background-enabled":"default","ast-page-background-meta":{"desktop":{"background-color":"var(--ast-global-color-4)","background-image":"","background-repeat":"repeat","background-position":"center center","background-size":"auto","background-attachment":"scroll","background-type":"","background-media":"","overlay-type":"","overlay-color":"","overlay-gradient":""},"tablet":{"background-color":"","background-image":"","background-repeat":"repeat","background-position":"center center","background-size":"auto","background-attachment":"scroll","background-type":"","background-media":"","overlay-type":"","overlay-color":"","overlay-gradient":""},"mobile":{"background-color":"","background-image":"","background-repeat":"repeat","background-position":"center center","background-size":"auto","background-attachment":"scroll","background-type":"","background-media":"","overlay-type":"","overlay-color":"","overlay-gradient":""}},"ast-content-background-meta":{"desktop":{"background-color":"var(--ast-global-color-5)","background-image":"","background-repeat":"repeat","background-position":"center center","background-size":"auto","background-attachment":"scroll","background-type":"","background-media":"","overlay-type":"","overlay-color":"","overlay-gradient":""},"tablet":{"background-color":"var(--ast-global-color-5)","background-image":"","background-repeat":"repeat","background-position":"center center","background-size":"auto","background-attachment":"scroll","background-type":"","background-media":"","overlay-type":"","overlay-color":"","overlay-gradient":""},"mobile":{"background-color":"var(--ast-global-color-5)","background-image":"","background-repeat":"repeat","background-position":"center center","background-size":"auto","background-attachment":"scroll","background-type":"","background-media":"","overlay-type":"","overlay-color":"","overlay-gradient":""}},"_joinchat":[]},"product_brand":[],"product_cat":[15],"product_tag":[],"class_list":{"0":"post-2446","1":"product","2":"type-product","3":"status-publish","4":"has-post-thumbnail","6":"product_cat-uncategorized","7":"desktop-align-left","8":"tablet-align-left","9":"mobile-align-left","11":"first","12":"instock","13":"taxable","14":"shipping-taxable","15":"purchasable","16":"product-type-simple"},"yoast_head":"<!-- This site is optimized with the Yoast SEO Premium plugin v20.4 (Yoast SEO v27.4) - https:\/\/yoast.com\/product\/yoast-seo-premium-wordpress\/ -->\n<title>Botas Pl\u00e1sticas Ca\u00f1a Alta P\/Seg Guerrera - La Guanteria<\/title>\n<meta name=\"robots\" content=\"index, follow, max-snippet:-1, max-image-preview:large, max-video-preview:-1\" \/>\n<link rel=\"canonical\" href=\"http:\/\/laguanteria.com\/en_us\/product\/botas-plasticas-cana-alta-p-seg-guerrera\/\" \/>\n<meta property=\"og:locale\" content=\"en_US\" \/>\n<meta property=\"og:type\" content=\"article\" \/>\n<meta property=\"og:title\" content=\"Botas Pl\u00e1sticas Ca\u00f1a Alta P\/Seg Guerrera\" \/>\n<meta property=\"og:description\" content=\"Presentamos las Botas Pl\u00e1sticas Ca\u00f1a Alta P\/Seg Guerrera de La Guanter\u00eda, dise\u00f1adas para brindar protecci\u00f3n y comodidad inigualables en entornos [&hellip;]\" \/>\n<meta property=\"og:url\" content=\"http:\/\/laguanteria.com\/en_us\/product\/botas-plasticas-cana-alta-p-seg-guerrera\/\" \/>\n<meta property=\"og:site_name\" content=\"La Guanteria\" \/>\n<meta property=\"article:publisher\" content=\"https:\/\/www.facebook.com\/laguanteria\" \/>\n<meta property=\"article:modified_time\" content=\"2024-04-15T21:02:45+00:00\" \/>\n<meta property=\"og:image\" content=\"http:\/\/laguanteria.com\/wp-content\/uploads\/2019\/03\/406214-1.jpg\" \/>\n\t<meta property=\"og:image:width\" content=\"995\" \/>\n\t<meta property=\"og:image:height\" content=\"994\" \/>\n\t<meta property=\"og:image:type\" content=\"image\/jpeg\" \/>\n<meta name=\"twitter:card\" content=\"summary_large_image\" \/>\n<script type=\"application\/ld+json\" class=\"yoast-schema-graph\">{\"@context\":\"https:\\\/\\\/schema.org\",\"@graph\":[{\"@type\":\"WebPage\",\"@id\":\"http:\\\/\\\/laguanteria.com\\\/es_es\\\/producto\\\/botas-plasticas-cana-alta-p-seg-guerrera\\\/\",\"url\":\"http:\\\/\\\/laguanteria.com\\\/es_es\\\/producto\\\/botas-plasticas-cana-alta-p-seg-guerrera\\\/\",\"name\":\"Botas Pl\u00e1sticas Ca\u00f1a Alta P\\\/Seg Guerrera - La Guanteria\",\"isPartOf\":{\"@id\":\"http:\\\/\\\/laguanteria.com\\\/es_es\\\/#website\"},\"primaryImageOfPage\":{\"@id\":\"http:\\\/\\\/laguanteria.com\\\/es_es\\\/producto\\\/botas-plasticas-cana-alta-p-seg-guerrera\\\/#primaryimage\"},\"image\":{\"@id\":\"http:\\\/\\\/laguanteria.com\\\/es_es\\\/producto\\\/botas-plasticas-cana-alta-p-seg-guerrera\\\/#primaryimage\"},\"thumbnailUrl\":\"http:\\\/\\\/laguanteria.com\\\/wp-content\\\/uploads\\\/2019\\\/03\\\/406214-1.jpg\",\"datePublished\":\"2019-03-21T01:47:20+00:00\",\"dateModified\":\"2024-04-15T21:02:45+00:00\",\"breadcrumb\":{\"@id\":\"http:\\\/\\\/laguanteria.com\\\/es_es\\\/producto\\\/botas-plasticas-cana-alta-p-seg-guerrera\\\/#breadcrumb\"},\"inLanguage\":\"en-US\",\"potentialAction\":[{\"@type\":\"ReadAction\",\"target\":[\"http:\\\/\\\/laguanteria.com\\\/es_es\\\/producto\\\/botas-plasticas-cana-alta-p-seg-guerrera\\\/\"]}]},{\"@type\":\"ImageObject\",\"inLanguage\":\"en-US\",\"@id\":\"http:\\\/\\\/laguanteria.com\\\/es_es\\\/producto\\\/botas-plasticas-cana-alta-p-seg-guerrera\\\/#primaryimage\",\"url\":\"http:\\\/\\\/laguanteria.com\\\/wp-content\\\/uploads\\\/2019\\\/03\\\/406214-1.jpg\",\"contentUrl\":\"http:\\\/\\\/laguanteria.com\\\/wp-content\\\/uploads\\\/2019\\\/03\\\/406214-1.jpg\",\"width\":995,\"height\":994,\"caption\":\"406178\"},{\"@type\":\"BreadcrumbList\",\"@id\":\"http:\\\/\\\/laguanteria.com\\\/es_es\\\/producto\\\/botas-plasticas-cana-alta-p-seg-guerrera\\\/#breadcrumb\",\"itemListElement\":[{\"@type\":\"ListItem\",\"position\":1,\"name\":\"Portada\",\"item\":\"http:\\\/\\\/laguanteria.com\\\/es_es\\\/\"},{\"@type\":\"ListItem\",\"position\":2,\"name\":\"Almac\u00e9n\",\"item\":\"http:\\\/\\\/laguanteria.com\\\/es_es\\\/almacen\\\/\"},{\"@type\":\"ListItem\",\"position\":3,\"name\":\"Botas Pl\u00e1sticas Ca\u00f1a Alta P\\\/Seg Guerrera\"}]},{\"@type\":\"WebSite\",\"@id\":\"http:\\\/\\\/laguanteria.com\\\/es_es\\\/#website\",\"url\":\"http:\\\/\\\/laguanteria.com\\\/es_es\\\/\",\"name\":\"La Guanteria\",\"description\":\"Protecci\u00f3n en tus manos\",\"publisher\":{\"@id\":\"http:\\\/\\\/laguanteria.com\\\/es_es\\\/#organization\"},\"potentialAction\":[{\"@type\":\"SearchAction\",\"target\":{\"@type\":\"EntryPoint\",\"urlTemplate\":\"http:\\\/\\\/laguanteria.com\\\/es_es\\\/?s={search_term_string}\"},\"query-input\":{\"@type\":\"PropertyValueSpecification\",\"valueRequired\":true,\"valueName\":\"search_term_string\"}}],\"inLanguage\":\"en-US\"},{\"@type\":\"Organization\",\"@id\":\"http:\\\/\\\/laguanteria.com\\\/es_es\\\/#organization\",\"name\":\"La Guanteria\",\"url\":\"http:\\\/\\\/laguanteria.com\\\/es_es\\\/\",\"logo\":{\"@type\":\"ImageObject\",\"inLanguage\":\"en-US\",\"@id\":\"http:\\\/\\\/laguanteria.com\\\/es_es\\\/#\\\/schema\\\/logo\\\/image\\\/\",\"url\":\"http:\\\/\\\/laguanteria.com\\\/wp-content\\\/uploads\\\/2024\\\/03\\\/icon-faded.png\",\"contentUrl\":\"http:\\\/\\\/laguanteria.com\\\/wp-content\\\/uploads\\\/2024\\\/03\\\/icon-faded.png\",\"width\":512,\"height\":512,\"caption\":\"La Guanteria\"},\"image\":{\"@id\":\"http:\\\/\\\/laguanteria.com\\\/es_es\\\/#\\\/schema\\\/logo\\\/image\\\/\"},\"sameAs\":[\"https:\\\/\\\/www.facebook.com\\\/laguanteria\",\"https:\\\/\\\/www.instagram.com\\\/laguanteria\"]}]}<\/script>\n<!-- \/ Yoast SEO Premium plugin. -->","yoast_head_json":{"title":"Botas Pl\u00e1sticas Ca\u00f1a Alta P\/Seg Guerrera - La Guanteria","robots":{"index":"index","follow":"follow","max-snippet":"max-snippet:-1","max-image-preview":"max-image-preview:large","max-video-preview":"max-video-preview:-1"},"canonical":"http:\/\/laguanteria.com\/en_us\/product\/botas-plasticas-cana-alta-p-seg-guerrera\/","og_locale":"en_US","og_type":"article","og_title":"Botas Pl\u00e1sticas Ca\u00f1a Alta P\/Seg Guerrera","og_description":"Presentamos las Botas Pl\u00e1sticas Ca\u00f1a Alta P\/Seg Guerrera de La Guanter\u00eda, dise\u00f1adas para brindar protecci\u00f3n y comodidad inigualables en entornos [&hellip;]","og_url":"http:\/\/laguanteria.com\/en_us\/product\/botas-plasticas-cana-alta-p-seg-guerrera\/","og_site_name":"La Guanteria","article_publisher":"https:\/\/www.facebook.com\/laguanteria","article_modified_time":"2024-04-15T21:02:45+00:00","og_image":[{"width":995,"height":994,"url":"http:\/\/laguanteria.com\/wp-content\/uploads\/2019\/03\/406214-1.jpg","type":"image\/jpeg"}],"twitter_card":"summary_large_image","schema":{"@context":"https:\/\/schema.org","@graph":[{"@type":"WebPage","@id":"http:\/\/laguanteria.com\/es_es\/producto\/botas-plasticas-cana-alta-p-seg-guerrera\/","url":"http:\/\/laguanteria.com\/es_es\/producto\/botas-plasticas-cana-alta-p-seg-guerrera\/","name":"Botas Pl\u00e1sticas Ca\u00f1a Alta P\/Seg Guerrera - La Guanteria","isPartOf":{"@id":"http:\/\/laguanteria.com\/es_es\/#website"},"primaryImageOfPage":{"@id":"http:\/\/laguanteria.com\/es_es\/producto\/botas-plasticas-cana-alta-p-seg-guerrera\/#primaryimage"},"image":{"@id":"http:\/\/laguanteria.com\/es_es\/producto\/botas-plasticas-cana-alta-p-seg-guerrera\/#primaryimage"},"thumbnailUrl":"http:\/\/laguanteria.com\/wp-content\/uploads\/2019\/03\/406214-1.jpg","datePublished":"2019-03-21T01:47:20+00:00","dateModified":"2024-04-15T21:02:45+00:00","breadcrumb":{"@id":"http:\/\/laguanteria.com\/es_es\/producto\/botas-plasticas-cana-alta-p-seg-guerrera\/#breadcrumb"},"inLanguage":"en-US","potentialAction":[{"@type":"ReadAction","target":["http:\/\/laguanteria.com\/es_es\/producto\/botas-plasticas-cana-alta-p-seg-guerrera\/"]}]},{"@type":"ImageObject","inLanguage":"en-US","@id":"http:\/\/laguanteria.com\/es_es\/producto\/botas-plasticas-cana-alta-p-seg-guerrera\/#primaryimage","url":"http:\/\/laguanteria.com\/wp-content\/uploads\/2019\/03\/406214-1.jpg","contentUrl":"http:\/\/laguanteria.com\/wp-content\/uploads\/2019\/03\/406214-1.jpg","width":995,"height":994,"caption":"406178"},{"@type":"BreadcrumbList","@id":"http:\/\/laguanteria.com\/es_es\/producto\/botas-plasticas-cana-alta-p-seg-guerrera\/#breadcrumb","itemListElement":[{"@type":"ListItem","position":1,"name":"Portada","item":"http:\/\/laguanteria.com\/es_es\/"},{"@type":"ListItem","position":2,"name":"Almac\u00e9n","item":"http:\/\/laguanteria.com\/es_es\/almacen\/"},{"@type":"ListItem","position":3,"name":"Botas Pl\u00e1sticas Ca\u00f1a Alta P\/Seg Guerrera"}]},{"@type":"WebSite","@id":"http:\/\/laguanteria.com\/es_es\/#website","url":"http:\/\/laguanteria.com\/es_es\/","name":"La Guanteria","description":"Protecci\u00f3n en tus manos","publisher":{"@id":"http:\/\/laguanteria.com\/es_es\/#organization"},"potentialAction":[{"@type":"SearchAction","target":{"@type":"EntryPoint","urlTemplate":"http:\/\/laguanteria.com\/es_es\/?s={search_term_string}"},"query-input":{"@type":"PropertyValueSpecification","valueRequired":true,"valueName":"search_term_string"}}],"inLanguage":"en-US"},{"@type":"Organization","@id":"http:\/\/laguanteria.com\/es_es\/#organization","name":"La Guanteria","url":"http:\/\/laguanteria.com\/es_es\/","logo":{"@type":"ImageObject","inLanguage":"en-US","@id":"http:\/\/laguanteria.com\/es_es\/#\/schema\/logo\/image\/","url":"http:\/\/laguanteria.com\/wp-content\/uploads\/2024\/03\/icon-faded.png","contentUrl":"http:\/\/laguanteria.com\/wp-content\/uploads\/2024\/03\/icon-faded.png","width":512,"height":512,"caption":"La Guanteria"},"image":{"@id":"http:\/\/laguanteria.com\/es_es\/#\/schema\/logo\/image\/"},"sameAs":["https:\/\/www.facebook.com\/laguanteria","https:\/\/www.instagram.com\/laguanteria"]}]}},"_links":{"self":[{"href":"http:\/\/laguanteria.com\/en_us\/wp-json\/wp\/v2\/product\/2446","targetHints":{"allow":["GET"]}}],"collection":[{"href":"http:\/\/laguanteria.com\/en_us\/wp-json\/wp\/v2\/product"}],"about":[{"href":"http:\/\/laguanteria.com\/en_us\/wp-json\/wp\/v2\/types\/product"}],"wp:featuredmedia":[{"embeddable":true,"href":"http:\/\/laguanteria.com\/en_us\/wp-json\/wp\/v2\/media\/2447"}],"wp:attachment":[{"href":"http:\/\/laguanteria.com\/en_us\/wp-json\/wp\/v2\/media?parent=2446"}],"wp:term":[{"taxonomy":"product_brand","embeddable":true,"href":"http:\/\/laguanteria.com\/en_us\/wp-json\/wp\/v2\/product_brand?post=2446"},{"taxonomy":"product_cat","embeddable":true,"href":"http:\/\/laguanteria.com\/en_us\/wp-json\/wp\/v2\/product_cat?post=2446"},{"taxonomy":"product_tag","embeddable":true,"href":"http:\/\/laguanteria.com\/en_us\/wp-json\/wp\/v2\/product_tag?post=2446"}],"curies":[{"name":"wp","href":"https:\/\/api.w.org\/{rel}","templated":true}]}}