{"id":1834,"date":"2019-01-12T20:08:28","date_gmt":"2019-01-13T01:08:28","guid":{"rendered":"https:\/\/web.laguanteria.com\/?post_type=product&#038;p=1834"},"modified":"2025-01-23T13:12:40","modified_gmt":"2025-01-23T18:12:40","slug":"guantes-dotacion-poliester-texturizado-azul","status":"publish","type":"product","link":"http:\/\/laguanteria.com\/en_us\/product\/guantes-dotacion-poliester-texturizado-azul\/","title":{"rendered":"Gloves Endowment Textured Polyester Blue"},"content":{"rendered":"<p>Protect your hands in construction sites and industrial environments with La Guanter\u00eda&#039;s Blue Textured Polyester Gloves. Made from durable textured polyester, these gloves provide excellent grip on dry and wet surfaces. Their ergonomic design ensures comfort and dexterity all day long. The bright blue color improves visibility and safety in work environments.<\/p>","protected":false},"excerpt":{"rendered":"<p>Proteja sus manos en obras de construcci\u00f3n y entornos industriales con los Guantes Dotaci\u00f3n Poliester Texturizado Azul de La Guanter\u00eda. [&hellip;]<\/p>","protected":false},"featured_media":25235,"template":"","meta":{"site-sidebar-layout":"default","site-content-layout":"","ast-site-content-layout":"default","site-content-style":"default","site-sidebar-style":"default","ast-global-header-display":"","ast-banner-title-visibility":"","ast-main-header-display":"","ast-hfb-above-header-display":"","ast-hfb-below-header-display":"","ast-hfb-mobile-header-display":"","site-post-title":"","ast-breadcrumbs-content":"","ast-featured-img":"","footer-sml-layout":"","theme-transparent-header-meta":"default","adv-header-id-meta":"","stick-header-meta":"","header-above-stick-meta":"","header-main-stick-meta":"","header-below-stick-meta":"","astra-migrate-meta-layouts":"set","ast-page-background-enabled":"default","ast-page-background-meta":{"desktop":{"background-color":"var(--ast-global-color-4)","background-image":"","background-repeat":"repeat","background-position":"center center","background-size":"auto","background-attachment":"scroll","background-type":"","background-media":"","overlay-type":"","overlay-color":"","overlay-gradient":""},"tablet":{"background-color":"","background-image":"","background-repeat":"repeat","background-position":"center center","background-size":"auto","background-attachment":"scroll","background-type":"","background-media":"","overlay-type":"","overlay-color":"","overlay-gradient":""},"mobile":{"background-color":"","background-image":"","background-repeat":"repeat","background-position":"center center","background-size":"auto","background-attachment":"scroll","background-type":"","background-media":"","overlay-type":"","overlay-color":"","overlay-gradient":""}},"ast-content-background-meta":{"desktop":{"background-color":"var(--ast-global-color-5)","background-image":"","background-repeat":"repeat","background-position":"center center","background-size":"auto","background-attachment":"scroll","background-type":"","background-media":"","overlay-type":"","overlay-color":"","overlay-gradient":""},"tablet":{"background-color":"var(--ast-global-color-5)","background-image":"","background-repeat":"repeat","background-position":"center center","background-size":"auto","background-attachment":"scroll","background-type":"","background-media":"","overlay-type":"","overlay-color":"","overlay-gradient":""},"mobile":{"background-color":"var(--ast-global-color-5)","background-image":"","background-repeat":"repeat","background-position":"center center","background-size":"auto","background-attachment":"scroll","background-type":"","background-media":"","overlay-type":"","overlay-color":"","overlay-gradient":""}},"_joinchat":[]},"product_brand":[],"product_cat":[118,122],"product_tag":[],"class_list":{"0":"post-1834","1":"product","2":"type-product","3":"status-publish","4":"has-post-thumbnail","6":"product_cat-guantes","7":"product_cat-importados","8":"desktop-align-left","9":"tablet-align-left","10":"mobile-align-left","12":"first","13":"instock","14":"taxable","15":"shipping-taxable","16":"purchasable","17":"product-type-simple"},"yoast_head":"<!-- This site is optimized with the Yoast SEO Premium plugin v20.4 (Yoast SEO v27.4) - https:\/\/yoast.com\/product\/yoast-seo-premium-wordpress\/ -->\n<title>Guantes Dotaci\u00f3n Poliester Texturizado Azul - La Guanteria<\/title>\n<meta name=\"robots\" content=\"index, follow, max-snippet:-1, max-image-preview:large, max-video-preview:-1\" \/>\n<link rel=\"canonical\" href=\"http:\/\/laguanteria.com\/en_us\/product\/guantes-dotacion-poliester-texturizado-azul\/\" \/>\n<meta property=\"og:locale\" content=\"en_US\" \/>\n<meta property=\"og:type\" content=\"article\" \/>\n<meta property=\"og:title\" content=\"Guantes Dotaci\u00f3n Poliester Texturizado Azul\" \/>\n<meta property=\"og:description\" content=\"Proteja sus manos en obras de construcci\u00f3n y entornos industriales con los Guantes Dotaci\u00f3n Poliester Texturizado Azul de La Guanter\u00eda. [&hellip;]\" \/>\n<meta property=\"og:url\" content=\"http:\/\/laguanteria.com\/en_us\/product\/guantes-dotacion-poliester-texturizado-azul\/\" \/>\n<meta property=\"og:site_name\" content=\"La Guanteria\" \/>\n<meta property=\"article:publisher\" content=\"https:\/\/www.facebook.com\/laguanteria\" \/>\n<meta property=\"article:modified_time\" content=\"2025-01-23T18:12:40+00:00\" \/>\n<meta property=\"og:image\" content=\"http:\/\/laguanteria.com\/wp-content\/uploads\/2019\/01\/406102-1.jpg\" \/>\n\t<meta property=\"og:image:width\" content=\"1300\" \/>\n\t<meta property=\"og:image:height\" content=\"1300\" \/>\n\t<meta property=\"og:image:type\" content=\"image\/jpeg\" \/>\n<meta name=\"twitter:card\" content=\"summary_large_image\" \/>\n<meta name=\"twitter:label1\" content=\"Est. reading time\" \/>\n\t<meta name=\"twitter:data1\" content=\"1 minute\" \/>\n<script type=\"application\/ld+json\" class=\"yoast-schema-graph\">{\"@context\":\"https:\\\/\\\/schema.org\",\"@graph\":[{\"@type\":\"WebPage\",\"@id\":\"http:\\\/\\\/laguanteria.com\\\/es_es\\\/producto\\\/guantes-dotacion-poliester-texturizado-azul\\\/\",\"url\":\"http:\\\/\\\/laguanteria.com\\\/es_es\\\/producto\\\/guantes-dotacion-poliester-texturizado-azul\\\/\",\"name\":\"Guantes Dotaci\u00f3n Poliester Texturizado Azul - La Guanteria\",\"isPartOf\":{\"@id\":\"http:\\\/\\\/laguanteria.com\\\/es_es\\\/#website\"},\"primaryImageOfPage\":{\"@id\":\"http:\\\/\\\/laguanteria.com\\\/es_es\\\/producto\\\/guantes-dotacion-poliester-texturizado-azul\\\/#primaryimage\"},\"image\":{\"@id\":\"http:\\\/\\\/laguanteria.com\\\/es_es\\\/producto\\\/guantes-dotacion-poliester-texturizado-azul\\\/#primaryimage\"},\"thumbnailUrl\":\"http:\\\/\\\/laguanteria.com\\\/wp-content\\\/uploads\\\/2019\\\/01\\\/406102-1.jpg\",\"datePublished\":\"2019-01-13T01:08:28+00:00\",\"dateModified\":\"2025-01-23T18:12:40+00:00\",\"breadcrumb\":{\"@id\":\"http:\\\/\\\/laguanteria.com\\\/es_es\\\/producto\\\/guantes-dotacion-poliester-texturizado-azul\\\/#breadcrumb\"},\"inLanguage\":\"en-US\",\"potentialAction\":[{\"@type\":\"ReadAction\",\"target\":[\"http:\\\/\\\/laguanteria.com\\\/es_es\\\/producto\\\/guantes-dotacion-poliester-texturizado-azul\\\/\"]}]},{\"@type\":\"ImageObject\",\"inLanguage\":\"en-US\",\"@id\":\"http:\\\/\\\/laguanteria.com\\\/es_es\\\/producto\\\/guantes-dotacion-poliester-texturizado-azul\\\/#primaryimage\",\"url\":\"http:\\\/\\\/laguanteria.com\\\/wp-content\\\/uploads\\\/2019\\\/01\\\/406102-1.jpg\",\"contentUrl\":\"http:\\\/\\\/laguanteria.com\\\/wp-content\\\/uploads\\\/2019\\\/01\\\/406102-1.jpg\",\"width\":1300,\"height\":1300},{\"@type\":\"BreadcrumbList\",\"@id\":\"http:\\\/\\\/laguanteria.com\\\/es_es\\\/producto\\\/guantes-dotacion-poliester-texturizado-azul\\\/#breadcrumb\",\"itemListElement\":[{\"@type\":\"ListItem\",\"position\":1,\"name\":\"Portada\",\"item\":\"http:\\\/\\\/laguanteria.com\\\/es_es\\\/\"},{\"@type\":\"ListItem\",\"position\":2,\"name\":\"Almac\u00e9n\",\"item\":\"http:\\\/\\\/laguanteria.com\\\/es_es\\\/almacen\\\/\"},{\"@type\":\"ListItem\",\"position\":3,\"name\":\"Guantes Dotaci\u00f3n Poliester Texturizado Azul\"}]},{\"@type\":\"WebSite\",\"@id\":\"http:\\\/\\\/laguanteria.com\\\/es_es\\\/#website\",\"url\":\"http:\\\/\\\/laguanteria.com\\\/es_es\\\/\",\"name\":\"La Guanteria\",\"description\":\"Protecci\u00f3n en tus manos\",\"publisher\":{\"@id\":\"http:\\\/\\\/laguanteria.com\\\/es_es\\\/#organization\"},\"potentialAction\":[{\"@type\":\"SearchAction\",\"target\":{\"@type\":\"EntryPoint\",\"urlTemplate\":\"http:\\\/\\\/laguanteria.com\\\/es_es\\\/?s={search_term_string}\"},\"query-input\":{\"@type\":\"PropertyValueSpecification\",\"valueRequired\":true,\"valueName\":\"search_term_string\"}}],\"inLanguage\":\"en-US\"},{\"@type\":\"Organization\",\"@id\":\"http:\\\/\\\/laguanteria.com\\\/es_es\\\/#organization\",\"name\":\"La Guanteria\",\"url\":\"http:\\\/\\\/laguanteria.com\\\/es_es\\\/\",\"logo\":{\"@type\":\"ImageObject\",\"inLanguage\":\"en-US\",\"@id\":\"http:\\\/\\\/laguanteria.com\\\/es_es\\\/#\\\/schema\\\/logo\\\/image\\\/\",\"url\":\"http:\\\/\\\/laguanteria.com\\\/wp-content\\\/uploads\\\/2024\\\/03\\\/icon-faded.png\",\"contentUrl\":\"http:\\\/\\\/laguanteria.com\\\/wp-content\\\/uploads\\\/2024\\\/03\\\/icon-faded.png\",\"width\":512,\"height\":512,\"caption\":\"La Guanteria\"},\"image\":{\"@id\":\"http:\\\/\\\/laguanteria.com\\\/es_es\\\/#\\\/schema\\\/logo\\\/image\\\/\"},\"sameAs\":[\"https:\\\/\\\/www.facebook.com\\\/laguanteria\",\"https:\\\/\\\/www.instagram.com\\\/laguanteria\"]}]}<\/script>\n<!-- \/ Yoast SEO Premium plugin. -->","yoast_head_json":{"title":"Guantes Dotaci\u00f3n Poliester Texturizado Azul - La Guanteria","robots":{"index":"index","follow":"follow","max-snippet":"max-snippet:-1","max-image-preview":"max-image-preview:large","max-video-preview":"max-video-preview:-1"},"canonical":"http:\/\/laguanteria.com\/en_us\/product\/guantes-dotacion-poliester-texturizado-azul\/","og_locale":"en_US","og_type":"article","og_title":"Guantes Dotaci\u00f3n Poliester Texturizado Azul","og_description":"Proteja sus manos en obras de construcci\u00f3n y entornos industriales con los Guantes Dotaci\u00f3n Poliester Texturizado Azul de La Guanter\u00eda. [&hellip;]","og_url":"http:\/\/laguanteria.com\/en_us\/product\/guantes-dotacion-poliester-texturizado-azul\/","og_site_name":"La Guanteria","article_publisher":"https:\/\/www.facebook.com\/laguanteria","article_modified_time":"2025-01-23T18:12:40+00:00","og_image":[{"width":1300,"height":1300,"url":"http:\/\/laguanteria.com\/wp-content\/uploads\/2019\/01\/406102-1.jpg","type":"image\/jpeg"}],"twitter_card":"summary_large_image","twitter_misc":{"Est. reading time":"1 minute"},"schema":{"@context":"https:\/\/schema.org","@graph":[{"@type":"WebPage","@id":"http:\/\/laguanteria.com\/es_es\/producto\/guantes-dotacion-poliester-texturizado-azul\/","url":"http:\/\/laguanteria.com\/es_es\/producto\/guantes-dotacion-poliester-texturizado-azul\/","name":"Guantes Dotaci\u00f3n Poliester Texturizado Azul - La Guanteria","isPartOf":{"@id":"http:\/\/laguanteria.com\/es_es\/#website"},"primaryImageOfPage":{"@id":"http:\/\/laguanteria.com\/es_es\/producto\/guantes-dotacion-poliester-texturizado-azul\/#primaryimage"},"image":{"@id":"http:\/\/laguanteria.com\/es_es\/producto\/guantes-dotacion-poliester-texturizado-azul\/#primaryimage"},"thumbnailUrl":"http:\/\/laguanteria.com\/wp-content\/uploads\/2019\/01\/406102-1.jpg","datePublished":"2019-01-13T01:08:28+00:00","dateModified":"2025-01-23T18:12:40+00:00","breadcrumb":{"@id":"http:\/\/laguanteria.com\/es_es\/producto\/guantes-dotacion-poliester-texturizado-azul\/#breadcrumb"},"inLanguage":"en-US","potentialAction":[{"@type":"ReadAction","target":["http:\/\/laguanteria.com\/es_es\/producto\/guantes-dotacion-poliester-texturizado-azul\/"]}]},{"@type":"ImageObject","inLanguage":"en-US","@id":"http:\/\/laguanteria.com\/es_es\/producto\/guantes-dotacion-poliester-texturizado-azul\/#primaryimage","url":"http:\/\/laguanteria.com\/wp-content\/uploads\/2019\/01\/406102-1.jpg","contentUrl":"http:\/\/laguanteria.com\/wp-content\/uploads\/2019\/01\/406102-1.jpg","width":1300,"height":1300},{"@type":"BreadcrumbList","@id":"http:\/\/laguanteria.com\/es_es\/producto\/guantes-dotacion-poliester-texturizado-azul\/#breadcrumb","itemListElement":[{"@type":"ListItem","position":1,"name":"Portada","item":"http:\/\/laguanteria.com\/es_es\/"},{"@type":"ListItem","position":2,"name":"Almac\u00e9n","item":"http:\/\/laguanteria.com\/es_es\/almacen\/"},{"@type":"ListItem","position":3,"name":"Guantes Dotaci\u00f3n Poliester Texturizado Azul"}]},{"@type":"WebSite","@id":"http:\/\/laguanteria.com\/es_es\/#website","url":"http:\/\/laguanteria.com\/es_es\/","name":"La Guanteria","description":"Protecci\u00f3n en tus manos","publisher":{"@id":"http:\/\/laguanteria.com\/es_es\/#organization"},"potentialAction":[{"@type":"SearchAction","target":{"@type":"EntryPoint","urlTemplate":"http:\/\/laguanteria.com\/es_es\/?s={search_term_string}"},"query-input":{"@type":"PropertyValueSpecification","valueRequired":true,"valueName":"search_term_string"}}],"inLanguage":"en-US"},{"@type":"Organization","@id":"http:\/\/laguanteria.com\/es_es\/#organization","name":"La Guanteria","url":"http:\/\/laguanteria.com\/es_es\/","logo":{"@type":"ImageObject","inLanguage":"en-US","@id":"http:\/\/laguanteria.com\/es_es\/#\/schema\/logo\/image\/","url":"http:\/\/laguanteria.com\/wp-content\/uploads\/2024\/03\/icon-faded.png","contentUrl":"http:\/\/laguanteria.com\/wp-content\/uploads\/2024\/03\/icon-faded.png","width":512,"height":512,"caption":"La Guanteria"},"image":{"@id":"http:\/\/laguanteria.com\/es_es\/#\/schema\/logo\/image\/"},"sameAs":["https:\/\/www.facebook.com\/laguanteria","https:\/\/www.instagram.com\/laguanteria"]}]}},"_links":{"self":[{"href":"http:\/\/laguanteria.com\/en_us\/wp-json\/wp\/v2\/product\/1834","targetHints":{"allow":["GET"]}}],"collection":[{"href":"http:\/\/laguanteria.com\/en_us\/wp-json\/wp\/v2\/product"}],"about":[{"href":"http:\/\/laguanteria.com\/en_us\/wp-json\/wp\/v2\/types\/product"}],"wp:featuredmedia":[{"embeddable":true,"href":"http:\/\/laguanteria.com\/en_us\/wp-json\/wp\/v2\/media\/25235"}],"wp:attachment":[{"href":"http:\/\/laguanteria.com\/en_us\/wp-json\/wp\/v2\/media?parent=1834"}],"wp:term":[{"taxonomy":"product_brand","embeddable":true,"href":"http:\/\/laguanteria.com\/en_us\/wp-json\/wp\/v2\/product_brand?post=1834"},{"taxonomy":"product_cat","embeddable":true,"href":"http:\/\/laguanteria.com\/en_us\/wp-json\/wp\/v2\/product_cat?post=1834"},{"taxonomy":"product_tag","embeddable":true,"href":"http:\/\/laguanteria.com\/en_us\/wp-json\/wp\/v2\/product_tag?post=1834"}],"curies":[{"name":"wp","href":"https:\/\/api.w.org\/{rel}","templated":true}]}}