{"id":1685,"date":"2019-01-11T13:32:10","date_gmt":"2019-01-11T18:32:10","guid":{"rendered":"https:\/\/web.laguanteria.com\/?post_type=product&#038;p=1685"},"modified":"2026-01-15T11:48:25","modified_gmt":"2026-01-15T16:48:25","slug":"guantes-pulidor-l-latex-en-cuero","status":"publish","type":"product","link":"http:\/\/laguanteria.com\/en_us\/product\/guantes-pulidor-l-latex-en-cuero\/","title":{"rendered":"L Latex Leather Polishing Gloves"},"content":{"rendered":"<p>Introducing the La Guanter\u00eda Leather Latex Polisher L Gloves, designed for demanding jobs in construction and similar sites. Featuring a durable latex-reinforced leather shell, these gloves offer optimal protection against abrasions, cuts, and chemicals. Their ergonomic design ensures comfort and dexterity for extended periods, while their durable construction resists wear and tear for long-term use.<\/p>","protected":false},"excerpt":{"rendered":"<p>Presentamos los Guantes Pulidor L L\u00e1tex en Cuero de La Guanter\u00eda, dise\u00f1ados para trabajos exigentes en construcciones y sitios similares. [&hellip;]<\/p>","protected":false},"featured_media":25280,"template":"","meta":{"site-sidebar-layout":"default","site-content-layout":"","ast-site-content-layout":"default","site-content-style":"default","site-sidebar-style":"default","ast-global-header-display":"","ast-banner-title-visibility":"","ast-main-header-display":"","ast-hfb-above-header-display":"","ast-hfb-below-header-display":"","ast-hfb-mobile-header-display":"","site-post-title":"","ast-breadcrumbs-content":"","ast-featured-img":"","footer-sml-layout":"","theme-transparent-header-meta":"default","adv-header-id-meta":"","stick-header-meta":"","header-above-stick-meta":"","header-main-stick-meta":"","header-below-stick-meta":"","astra-migrate-meta-layouts":"set","ast-page-background-enabled":"default","ast-page-background-meta":{"desktop":{"background-color":"var(--ast-global-color-4)","background-image":"","background-repeat":"repeat","background-position":"center center","background-size":"auto","background-attachment":"scroll","background-type":"","background-media":"","overlay-type":"","overlay-color":"","overlay-gradient":""},"tablet":{"background-color":"","background-image":"","background-repeat":"repeat","background-position":"center center","background-size":"auto","background-attachment":"scroll","background-type":"","background-media":"","overlay-type":"","overlay-color":"","overlay-gradient":""},"mobile":{"background-color":"","background-image":"","background-repeat":"repeat","background-position":"center center","background-size":"auto","background-attachment":"scroll","background-type":"","background-media":"","overlay-type":"","overlay-color":"","overlay-gradient":""}},"ast-content-background-meta":{"desktop":{"background-color":"var(--ast-global-color-5)","background-image":"","background-repeat":"repeat","background-position":"center center","background-size":"auto","background-attachment":"scroll","background-type":"","background-media":"","overlay-type":"","overlay-color":"","overlay-gradient":""},"tablet":{"background-color":"var(--ast-global-color-5)","background-image":"","background-repeat":"repeat","background-position":"center center","background-size":"auto","background-attachment":"scroll","background-type":"","background-media":"","overlay-type":"","overlay-color":"","overlay-gradient":""},"mobile":{"background-color":"var(--ast-global-color-5)","background-image":"","background-repeat":"repeat","background-position":"center center","background-size":"auto","background-attachment":"scroll","background-type":"","background-media":"","overlay-type":"","overlay-color":"","overlay-gradient":""}},"_joinchat":[]},"product_brand":[],"product_cat":[118,119],"product_tag":[],"class_list":{"0":"post-1685","1":"product","2":"type-product","3":"status-publish","4":"has-post-thumbnail","6":"product_cat-guantes","7":"product_cat-largos-en-cuero","8":"desktop-align-left","9":"tablet-align-left","10":"mobile-align-left","12":"first","13":"instock","14":"taxable","15":"shipping-taxable","16":"purchasable","17":"product-type-simple"},"yoast_head":"<!-- This site is optimized with the Yoast SEO Premium plugin v20.4 (Yoast SEO v27.4) - https:\/\/yoast.com\/product\/yoast-seo-premium-wordpress\/ -->\n<title>Guantes Pulidor L L\u00e1tex en Cuero - La Guanteria<\/title>\n<meta name=\"robots\" content=\"index, follow, max-snippet:-1, max-image-preview:large, max-video-preview:-1\" \/>\n<link rel=\"canonical\" href=\"http:\/\/laguanteria.com\/en_us\/product\/guantes-pulidor-l-latex-en-cuero\/\" \/>\n<meta property=\"og:locale\" content=\"en_US\" \/>\n<meta property=\"og:type\" content=\"article\" \/>\n<meta property=\"og:title\" content=\"Guantes Pulidor L L\u00e1tex en Cuero\" \/>\n<meta property=\"og:description\" content=\"Presentamos los Guantes Pulidor L L\u00e1tex en Cuero de La Guanter\u00eda, dise\u00f1ados para trabajos exigentes en construcciones y sitios similares. [&hellip;]\" \/>\n<meta property=\"og:url\" content=\"http:\/\/laguanteria.com\/en_us\/product\/guantes-pulidor-l-latex-en-cuero\/\" \/>\n<meta property=\"og:site_name\" content=\"La Guanteria\" \/>\n<meta property=\"article:publisher\" content=\"https:\/\/www.facebook.com\/laguanteria\" \/>\n<meta property=\"article:modified_time\" content=\"2026-01-15T16:48:25+00:00\" \/>\n<meta property=\"og:image\" content=\"http:\/\/laguanteria.com\/wp-content\/uploads\/2019\/01\/805046-1.jpg\" \/>\n\t<meta property=\"og:image:width\" content=\"1350\" \/>\n\t<meta property=\"og:image:height\" content=\"1350\" \/>\n\t<meta property=\"og:image:type\" content=\"image\/jpeg\" \/>\n<meta name=\"twitter:card\" content=\"summary_large_image\" \/>\n<meta name=\"twitter:label1\" content=\"Est. reading time\" \/>\n\t<meta name=\"twitter:data1\" content=\"1 minute\" \/>\n<script type=\"application\/ld+json\" class=\"yoast-schema-graph\">{\"@context\":\"https:\\\/\\\/schema.org\",\"@graph\":[{\"@type\":\"WebPage\",\"@id\":\"http:\\\/\\\/laguanteria.com\\\/es_es\\\/producto\\\/guantes-pulidor-l-latex-en-cuero\\\/\",\"url\":\"http:\\\/\\\/laguanteria.com\\\/es_es\\\/producto\\\/guantes-pulidor-l-latex-en-cuero\\\/\",\"name\":\"Guantes Pulidor L L\u00e1tex en Cuero - La Guanteria\",\"isPartOf\":{\"@id\":\"http:\\\/\\\/laguanteria.com\\\/en_us\\\/#website\"},\"primaryImageOfPage\":{\"@id\":\"http:\\\/\\\/laguanteria.com\\\/es_es\\\/producto\\\/guantes-pulidor-l-latex-en-cuero\\\/#primaryimage\"},\"image\":{\"@id\":\"http:\\\/\\\/laguanteria.com\\\/es_es\\\/producto\\\/guantes-pulidor-l-latex-en-cuero\\\/#primaryimage\"},\"thumbnailUrl\":\"http:\\\/\\\/laguanteria.com\\\/wp-content\\\/uploads\\\/2019\\\/01\\\/805046-1.jpg\",\"datePublished\":\"2019-01-11T18:32:10+00:00\",\"dateModified\":\"2026-01-15T16:48:25+00:00\",\"breadcrumb\":{\"@id\":\"http:\\\/\\\/laguanteria.com\\\/es_es\\\/producto\\\/guantes-pulidor-l-latex-en-cuero\\\/#breadcrumb\"},\"inLanguage\":\"en-US\",\"potentialAction\":[{\"@type\":\"ReadAction\",\"target\":[\"http:\\\/\\\/laguanteria.com\\\/es_es\\\/producto\\\/guantes-pulidor-l-latex-en-cuero\\\/\"]}]},{\"@type\":\"ImageObject\",\"inLanguage\":\"en-US\",\"@id\":\"http:\\\/\\\/laguanteria.com\\\/es_es\\\/producto\\\/guantes-pulidor-l-latex-en-cuero\\\/#primaryimage\",\"url\":\"http:\\\/\\\/laguanteria.com\\\/wp-content\\\/uploads\\\/2019\\\/01\\\/805046-1.jpg\",\"contentUrl\":\"http:\\\/\\\/laguanteria.com\\\/wp-content\\\/uploads\\\/2019\\\/01\\\/805046-1.jpg\",\"width\":1350,\"height\":1350},{\"@type\":\"BreadcrumbList\",\"@id\":\"http:\\\/\\\/laguanteria.com\\\/es_es\\\/producto\\\/guantes-pulidor-l-latex-en-cuero\\\/#breadcrumb\",\"itemListElement\":[{\"@type\":\"ListItem\",\"position\":1,\"name\":\"Portada\",\"item\":\"http:\\\/\\\/laguanteria.com\\\/en_us\\\/\"},{\"@type\":\"ListItem\",\"position\":2,\"name\":\"Almac\u00e9n\",\"item\":\"http:\\\/\\\/laguanteria.com\\\/en_us\\\/almacen\\\/\"},{\"@type\":\"ListItem\",\"position\":3,\"name\":\"Guantes Pulidor L L\u00e1tex en Cuero\"}]},{\"@type\":\"WebSite\",\"@id\":\"http:\\\/\\\/laguanteria.com\\\/en_us\\\/#website\",\"url\":\"http:\\\/\\\/laguanteria.com\\\/en_us\\\/\",\"name\":\"La Guanteria\",\"description\":\"Protecci\u00f3n en tus manos\",\"publisher\":{\"@id\":\"http:\\\/\\\/laguanteria.com\\\/en_us\\\/#organization\"},\"potentialAction\":[{\"@type\":\"SearchAction\",\"target\":{\"@type\":\"EntryPoint\",\"urlTemplate\":\"http:\\\/\\\/laguanteria.com\\\/en_us\\\/?s={search_term_string}\"},\"query-input\":{\"@type\":\"PropertyValueSpecification\",\"valueRequired\":true,\"valueName\":\"search_term_string\"}}],\"inLanguage\":\"en-US\"},{\"@type\":\"Organization\",\"@id\":\"http:\\\/\\\/laguanteria.com\\\/en_us\\\/#organization\",\"name\":\"La Guanteria\",\"url\":\"http:\\\/\\\/laguanteria.com\\\/en_us\\\/\",\"logo\":{\"@type\":\"ImageObject\",\"inLanguage\":\"en-US\",\"@id\":\"http:\\\/\\\/laguanteria.com\\\/en_us\\\/#\\\/schema\\\/logo\\\/image\\\/\",\"url\":\"http:\\\/\\\/laguanteria.com\\\/wp-content\\\/uploads\\\/2024\\\/03\\\/icon-faded.png\",\"contentUrl\":\"http:\\\/\\\/laguanteria.com\\\/wp-content\\\/uploads\\\/2024\\\/03\\\/icon-faded.png\",\"width\":512,\"height\":512,\"caption\":\"La Guanteria\"},\"image\":{\"@id\":\"http:\\\/\\\/laguanteria.com\\\/en_us\\\/#\\\/schema\\\/logo\\\/image\\\/\"},\"sameAs\":[\"https:\\\/\\\/www.facebook.com\\\/laguanteria\",\"https:\\\/\\\/www.instagram.com\\\/laguanteria\"]}]}<\/script>\n<!-- \/ Yoast SEO Premium plugin. -->","yoast_head_json":{"title":"Guantes Pulidor L L\u00e1tex en Cuero - La Guanteria","robots":{"index":"index","follow":"follow","max-snippet":"max-snippet:-1","max-image-preview":"max-image-preview:large","max-video-preview":"max-video-preview:-1"},"canonical":"http:\/\/laguanteria.com\/en_us\/product\/guantes-pulidor-l-latex-en-cuero\/","og_locale":"en_US","og_type":"article","og_title":"Guantes Pulidor L L\u00e1tex en Cuero","og_description":"Presentamos los Guantes Pulidor L L\u00e1tex en Cuero de La Guanter\u00eda, dise\u00f1ados para trabajos exigentes en construcciones y sitios similares. [&hellip;]","og_url":"http:\/\/laguanteria.com\/en_us\/product\/guantes-pulidor-l-latex-en-cuero\/","og_site_name":"La Guanteria","article_publisher":"https:\/\/www.facebook.com\/laguanteria","article_modified_time":"2026-01-15T16:48:25+00:00","og_image":[{"width":1350,"height":1350,"url":"http:\/\/laguanteria.com\/wp-content\/uploads\/2019\/01\/805046-1.jpg","type":"image\/jpeg"}],"twitter_card":"summary_large_image","twitter_misc":{"Est. reading time":"1 minute"},"schema":{"@context":"https:\/\/schema.org","@graph":[{"@type":"WebPage","@id":"http:\/\/laguanteria.com\/es_es\/producto\/guantes-pulidor-l-latex-en-cuero\/","url":"http:\/\/laguanteria.com\/es_es\/producto\/guantes-pulidor-l-latex-en-cuero\/","name":"Guantes Pulidor L L\u00e1tex en Cuero - La Guanteria","isPartOf":{"@id":"http:\/\/laguanteria.com\/en_us\/#website"},"primaryImageOfPage":{"@id":"http:\/\/laguanteria.com\/es_es\/producto\/guantes-pulidor-l-latex-en-cuero\/#primaryimage"},"image":{"@id":"http:\/\/laguanteria.com\/es_es\/producto\/guantes-pulidor-l-latex-en-cuero\/#primaryimage"},"thumbnailUrl":"http:\/\/laguanteria.com\/wp-content\/uploads\/2019\/01\/805046-1.jpg","datePublished":"2019-01-11T18:32:10+00:00","dateModified":"2026-01-15T16:48:25+00:00","breadcrumb":{"@id":"http:\/\/laguanteria.com\/es_es\/producto\/guantes-pulidor-l-latex-en-cuero\/#breadcrumb"},"inLanguage":"en-US","potentialAction":[{"@type":"ReadAction","target":["http:\/\/laguanteria.com\/es_es\/producto\/guantes-pulidor-l-latex-en-cuero\/"]}]},{"@type":"ImageObject","inLanguage":"en-US","@id":"http:\/\/laguanteria.com\/es_es\/producto\/guantes-pulidor-l-latex-en-cuero\/#primaryimage","url":"http:\/\/laguanteria.com\/wp-content\/uploads\/2019\/01\/805046-1.jpg","contentUrl":"http:\/\/laguanteria.com\/wp-content\/uploads\/2019\/01\/805046-1.jpg","width":1350,"height":1350},{"@type":"BreadcrumbList","@id":"http:\/\/laguanteria.com\/es_es\/producto\/guantes-pulidor-l-latex-en-cuero\/#breadcrumb","itemListElement":[{"@type":"ListItem","position":1,"name":"Portada","item":"http:\/\/laguanteria.com\/en_us\/"},{"@type":"ListItem","position":2,"name":"Almac\u00e9n","item":"http:\/\/laguanteria.com\/en_us\/almacen\/"},{"@type":"ListItem","position":3,"name":"Guantes Pulidor L L\u00e1tex en Cuero"}]},{"@type":"WebSite","@id":"http:\/\/laguanteria.com\/en_us\/#website","url":"http:\/\/laguanteria.com\/en_us\/","name":"La Guanteria","description":"Protecci\u00f3n en tus manos","publisher":{"@id":"http:\/\/laguanteria.com\/en_us\/#organization"},"potentialAction":[{"@type":"SearchAction","target":{"@type":"EntryPoint","urlTemplate":"http:\/\/laguanteria.com\/en_us\/?s={search_term_string}"},"query-input":{"@type":"PropertyValueSpecification","valueRequired":true,"valueName":"search_term_string"}}],"inLanguage":"en-US"},{"@type":"Organization","@id":"http:\/\/laguanteria.com\/en_us\/#organization","name":"La Guanteria","url":"http:\/\/laguanteria.com\/en_us\/","logo":{"@type":"ImageObject","inLanguage":"en-US","@id":"http:\/\/laguanteria.com\/en_us\/#\/schema\/logo\/image\/","url":"http:\/\/laguanteria.com\/wp-content\/uploads\/2024\/03\/icon-faded.png","contentUrl":"http:\/\/laguanteria.com\/wp-content\/uploads\/2024\/03\/icon-faded.png","width":512,"height":512,"caption":"La Guanteria"},"image":{"@id":"http:\/\/laguanteria.com\/en_us\/#\/schema\/logo\/image\/"},"sameAs":["https:\/\/www.facebook.com\/laguanteria","https:\/\/www.instagram.com\/laguanteria"]}]}},"_links":{"self":[{"href":"http:\/\/laguanteria.com\/en_us\/wp-json\/wp\/v2\/product\/1685","targetHints":{"allow":["GET"]}}],"collection":[{"href":"http:\/\/laguanteria.com\/en_us\/wp-json\/wp\/v2\/product"}],"about":[{"href":"http:\/\/laguanteria.com\/en_us\/wp-json\/wp\/v2\/types\/product"}],"wp:featuredmedia":[{"embeddable":true,"href":"http:\/\/laguanteria.com\/en_us\/wp-json\/wp\/v2\/media\/25280"}],"wp:attachment":[{"href":"http:\/\/laguanteria.com\/en_us\/wp-json\/wp\/v2\/media?parent=1685"}],"wp:term":[{"taxonomy":"product_brand","embeddable":true,"href":"http:\/\/laguanteria.com\/en_us\/wp-json\/wp\/v2\/product_brand?post=1685"},{"taxonomy":"product_cat","embeddable":true,"href":"http:\/\/laguanteria.com\/en_us\/wp-json\/wp\/v2\/product_cat?post=1685"},{"taxonomy":"product_tag","embeddable":true,"href":"http:\/\/laguanteria.com\/en_us\/wp-json\/wp\/v2\/product_tag?post=1685"}],"curies":[{"name":"wp","href":"https:\/\/api.w.org\/{rel}","templated":true}]}}